{"id":81,"date":"2016-11-22T10:02:36","date_gmt":"2016-11-22T09:02:36","guid":{"rendered":"http:\/\/www.exrotaprint.de\/neu\/?page_id=81"},"modified":"2022-11-18T00:11:59","modified_gmt":"2022-11-17T23:11:59","slug":"exrotaprint-nachrichten","status":"publish","type":"page","link":"https:\/\/www.exrotaprint.de\/en\/exrotaprint-nachrichten\/","title":{"rendered":"ExRotaprint Nachrichten"},"content":{"rendered":"<p>In the 1950s and 1960s, Rotaprint AG regularly published issues of <strong>Rotaprint Nachrichten<\/strong>, the company newspaper. Produced at the headquarters on Gottschedstra\u00dfe in Berlin Wedding, its purpose was to keep employees and customers abreast of company developments. The successive expansion of the Gottschedstra\u00dfe site into a modern company headquarters is chronicaled in Rotaprint Nachrichten, which also featured a contemporary, modern design. The nearly fifty issues that were published focus on the success of the company during the time of the economic miracle, the advancements of the printing technology and the Rotaprint printing presses, but also the precarious situation of the company in what was the then the \u201cisland status\u201d of West Berlin.<\/p>\n<p>ExRotaprint revives this tradition: the <strong>ExRotaprint Nachrichten<\/strong> is published in irregular intervals and reports on new on-site developments and our urban policy goals.<\/p>\n<p>&nbsp;<\/p>\n<h3><strong>#1 Das Baudenkmal, 2008<\/strong><\/h3>\n<p><img loading=\"lazy\" decoding=\"async\" class=\"wp-image-503 size-full alignleft\" src=\"http:\/\/www.exrotaprint.de\/wp-content\/uploads\/2016\/12\/1_ExRotaprint-Nachrichten_Baudenkmal.jpg\" alt=\"ExRotaprint Nachrichten, das Baudenkmal\" width=\"121\" height=\"170\" \/> 18 pages, German, 21 x 29.7 cm<br \/>\nThe architecture of the Rotaprint complex served as the inspiration and driving force behind ExRotaprint. The first edition of ExRotaprint Nachrichten introduces the architectural monument of the \u201cRotaprint factory,\u201d officially listed since 1991, and architect Klaus Kirsten.<\/p>\n<p>&nbsp;<\/p>\n<p>&nbsp;<\/p>\n<p>&nbsp;<\/p>\n<h3><\/h3>\n<h3><\/h3>\n<h3><strong>#2 Das Bauma\u00dfnahmenspiel, 2010<\/strong><\/h3>\n<p><img loading=\"lazy\" decoding=\"async\" class=\"wp-image-504 size-full alignleft\" src=\"http:\/\/www.exrotaprint.de\/wp-content\/uploads\/2016\/12\/2_ExRotaprint-Nachrichten_Baumassnahmenspiel.jpg\" alt=\"ExRotaprint Nachrichten, das Bauma\u00dfnahmenspiel\" width=\"121\" height=\"170\" \/> Poster with texts, German, A1 folded on 21 x 29.7 cm<br \/>\nFor the tenants and fans of ExRotaprint.<br \/>\nIt presents the impending renovation of the ExRotaprint site as a board game:<br \/>\nFour players can either take the financing path, the master plan path, the fire protection path, or the monument-protection path, and learn at individual stations along the way what is necessary, unavoidable, unyeilding, or wasteful, and the hurdles and challenges of consolidating the site and its construction.<\/p>\n<p>&nbsp;<\/p>\n<p>&nbsp;<\/p>\n<h3><\/h3>\n<h3><\/h3>\n<h3><strong>#3 Das Modell ExRotaprint, 2011<\/strong><\/h3>\n<p><img loading=\"lazy\" decoding=\"async\" class=\"wp-image-505 size-full alignleft\" src=\"http:\/\/www.exrotaprint.de\/wp-content\/uploads\/2016\/12\/3_ExRotaprint-Nachrichten_Modell.jpg\" alt=\"ExRotaprint Nachrichten, das Modell, deutsch\" width=\"121\" height=\"170\" \/>\u00a032 pages, German, 21 x 29.7 cm<br \/>\nThe issue on the conception of ExRotaprint.<br \/>\nThis edition lays out the political circumstances at the time of purchase, the processes within the group, and discusses the objectives and solutions for the long-term perspective of our project development. Heritable building right and nonprofit status as a legal configuration, financing, self-organization, the utilization concept, and the role that heterogeneity plays for the tenants\u2019<br \/>\nproject are outlined. <span style=\"color: #333399;\"><a style=\"color: #333399;\" href=\"http:\/\/www.exrotaprint.de\/wp-content\/uploads\/2016\/11\/3-ExRotaprint-Nachrichten_Modell_Deutsch.pdf\" target=\"_blank\" rel=\"noopener\">Download here (3,6 MB)<\/a><\/span><\/p>\n<p>&nbsp;<\/p>\n<p>&nbsp;<\/p>\n<h3><\/h3>\n<h3><\/h3>\n<h3><strong>#3 The ExRotaprint Model, International Edition, 2011<\/strong><\/h3>\n<p><img loading=\"lazy\" decoding=\"async\" class=\"wp-image-506 size-full alignleft\" src=\"http:\/\/www.exrotaprint.de\/wp-content\/uploads\/2016\/12\/3_ExRotaprint-News_Model.jpg\" alt=\"ExRotaprint News, The Model, english\" width=\"121\" height=\"170\" \/> 32 pages, English, 21 x 29.7 cm <span style=\"color: #333399;\"><a style=\"color: #333399;\" href=\"http:\/\/www.exrotaprint.de\/wp-content\/uploads\/2016\/11\/3-ExRotaprint-News_Model_English.pdf\" target=\"_blank\" rel=\"noopener\">Download here (1,6 MB)<\/a><\/span><\/p>\n<p>&nbsp;<\/p>\n<p>&nbsp;<\/p>\n<h3><\/h3>\n<h3><\/h3>\n<p>&nbsp;<\/p>\n<p>&nbsp;<\/p>\n<p>&nbsp;<\/p>\n<p>&nbsp;<\/p>\n<p>&nbsp;<\/p>\n<h3><strong>#4 Die letzten Rotaprint Nachrichten \/ die ersten ExRotaprint Nachrichten, 2012<\/strong><\/h3>\n<p><img loading=\"lazy\" decoding=\"async\" class=\"wp-image-507 size-full alignleft\" src=\"http:\/\/www.exrotaprint.de\/wp-content\/uploads\/2016\/12\/4_ExRotaprint-Nachrichten_die-ersten-ExRotaprint.jpg\" alt=\"ExRotaprint Nachrichten, die ersten ExRotaprint\" width=\"121\" height=\"170\" \/><img loading=\"lazy\" decoding=\"async\" class=\"wp-image-508 size-full alignleft\" src=\"http:\/\/www.exrotaprint.de\/wp-content\/uploads\/2016\/12\/4_ExRotaprint-Nachrichten_die-letzten-Rotaprint.jpg\" alt=\"ExRotaprint Nachrichten, die letzten Rotaprint Nachrichten\" width=\"121\" height=\"170\" \/> 40 pages, German, 21 x 29.7 cm<br \/>\nLimited edition<br \/>\nFeaturing original press articles, this edition reflects on the decline of the Rotaprint company in the 1980s and the failed efforts to resurrect the abandoned site in the early 1990s. Flipped over, the issue presents articles from ExRotaprint\u2019s early phase, the struggle to purchase the property, and the success of the ExRotaprint tenants\u2019 initiative.<br \/>\n1st part: Press articles from 1986-96 on Rotaprint, 2nd part: Press articles from 2006-09 on ExRotaprint<\/p>\n<p>&nbsp;<\/p>\n<p>&nbsp;<\/p>\n<h3><\/h3>\n<h3><\/h3>\n<h3><strong>Extrablatt ExBrache, 2012<\/strong><\/h3>\n<p><img loading=\"lazy\" decoding=\"async\" class=\"wp-image-510 size-full alignleft\" src=\"http:\/\/www.exrotaprint.de\/wp-content\/uploads\/2016\/12\/ExRotaprint-Extrablatt-ExBrache.jpg\" alt=\"ExRotaprint Extrablatt, ExBrache\" width=\"121\" height=\"170\" \/> 4 pages, German, 21 x 29.7 cm<br \/>\nThe supplement ExBrache takes a closer look at the former Rotaprint city block. Rotaprint defined the entire city block between Gottschedstra\u00dfe, Bornemannstra\u00dfe, Uferstra\u00dfe, Wiesenstra\u00dfe and Reinickendorfer Stra\u00dfe for over eight decades. After the production halls to the south of ExRotaprint were demolished the interior area of the block remained empty for a long time. The discount supermarket chain Lidl and the municipal housing association Gesobau have since made their own marks. On the remaining parcels, ExRotaprint is working to develop a socially inclusive project for affordable housing.<\/p>\n<p>&nbsp;<\/p>\n<p>&nbsp;<\/p>\n<h3><\/h3>\n<h3><\/h3>\n<h3><strong>#5 Wie funktioniert das Erbbaurecht? 2014<\/strong><\/h3>\n<p><img loading=\"lazy\" decoding=\"async\" class=\"wp-image-509 size-full alignleft\" src=\"http:\/\/www.exrotaprint.de\/wp-content\/uploads\/2016\/12\/5_ExRotaprint-Nachrichten_Erbbaurecht.jpg\" alt=\"ExRotaprint Nachrichten, Wie funktioniert das Erbbaurecht?\" width=\"121\" height=\"170\" \/><\/p>\n<p>24 pages, German, 21 x 29.7 cm<br \/>\nHeritable building right for dummies. This issue explains with drawings and texts the instrument of the heritable building right, the legal separation between land and buildings, the mortgage requirements, duration of the contract, and reversion. It highlights the advantages and the possibilities for shaping urban development policy and why we decided to go with a hertitable building right. Heritiable building right forward ho! <span style=\"color: #333399;\"><a style=\"color: #333399;\" href=\"http:\/\/www.exrotaprint.de\/wp-content\/uploads\/2016\/11\/5-ExRotaprint-Nachrichten_Erbbaurecht.pdf\" target=\"_blank\" rel=\"noopener\">Download here (1,3 MB)<\/a><\/span><\/p>\n<p>&nbsp;<\/p>\n<p>&nbsp;<\/p>\n","protected":false},"excerpt":{"rendered":"<p>In the 1950s and 1960s, Rotaprint AG regularly published issues of Rotaprint Nachrichten, the company newspaper. Produced at the headquarters on Gottschedstra\u00dfe in Berlin Wedding, its purpose was to keep employees and customers abreast of company developments. The successive expansion of the Gottschedstra\u00dfe site into a modern company headquarters is chronicaled in Rotaprint Nachrichten, which [&hellip;]<\/p>\n","protected":false},"author":1,"featured_media":0,"parent":0,"menu_order":0,"comment_status":"closed","ping_status":"closed","template":"","meta":{"_acf_changed":false,"footnotes":""},"class_list":["post-81","page","type-page","status-publish","hentry"],"translation":{"provider":"WPGlobus","version":"3.0.2","language":"en","enabled_languages":["de","en"],"languages":{"de":{"title":true,"content":true,"excerpt":false},"en":{"title":false,"content":true,"excerpt":false}}},"acf":[],"yoast_head":"<!-- This site is optimized with the Yoast SEO plugin v27.4 - https:\/\/yoast.com\/product\/yoast-seo-wordpress\/ -->\n<title>ExRotaprint Nachrichten - ExRotaprint<\/title>\n<meta name=\"robots\" content=\"index, follow, max-snippet:-1, max-image-preview:large, max-video-preview:-1\" \/>\n<link rel=\"canonical\" href=\"https:\/\/www.exrotaprint.de\/exrotaprint-nachrichten\/\" \/>\n<meta property=\"og:locale\" content=\"en_US\" \/>\n<meta property=\"og:type\" content=\"article\" \/>\n<meta property=\"og:title\" content=\"ExRotaprint Nachrichten - ExRotaprint\" \/>\n<meta property=\"og:url\" content=\"https:\/\/www.exrotaprint.de\/exrotaprint-nachrichten\/\" \/>\n<meta property=\"og:site_name\" content=\"ExRotaprint\" \/>\n<meta property=\"article:modified_time\" content=\"2022-11-17T23:11:59+00:00\" \/>\n<meta property=\"og:image\" content=\"http:\/\/www.exrotaprint.de\/wp-content\/uploads\/2016\/12\/1_ExRotaprint-Nachrichten_Baudenkmal.jpg\" \/>\n<meta name=\"twitter:card\" content=\"summary_large_image\" \/>\n<meta name=\"twitter:label1\" content=\"Est. reading time\" \/>\n\t<meta name=\"twitter:data1\" content=\"6 minutes\" \/>\n<script type=\"application\/ld+json\" class=\"yoast-schema-graph\">{\"@context\":\"https:\\\/\\\/schema.org\",\"@graph\":[{\"@type\":\"WebPage\",\"@id\":\"https:\\\/\\\/www.exrotaprint.de\\\/exrotaprint-nachrichten\\\/\",\"url\":\"https:\\\/\\\/www.exrotaprint.de\\\/exrotaprint-nachrichten\\\/\",\"name\":\"ExRotaprint Nachrichten - ExRotaprint\",\"isPartOf\":{\"@id\":\"https:\\\/\\\/www.exrotaprint.de\\\/#website\"},\"primaryImageOfPage\":{\"@id\":\"https:\\\/\\\/www.exrotaprint.de\\\/exrotaprint-nachrichten\\\/#primaryimage\"},\"image\":{\"@id\":\"https:\\\/\\\/www.exrotaprint.de\\\/exrotaprint-nachrichten\\\/#primaryimage\"},\"thumbnailUrl\":\"http:\\\/\\\/www.exrotaprint.de\\\/wp-content\\\/uploads\\\/2016\\\/12\\\/1_ExRotaprint-Nachrichten_Baudenkmal.jpg\",\"datePublished\":\"2016-11-22T09:02:36+00:00\",\"dateModified\":\"2022-11-17T23:11:59+00:00\",\"breadcrumb\":{\"@id\":\"https:\\\/\\\/www.exrotaprint.de\\\/exrotaprint-nachrichten\\\/#breadcrumb\"},\"inLanguage\":\"en-US\",\"potentialAction\":[{\"@type\":\"ReadAction\",\"target\":[\"https:\\\/\\\/www.exrotaprint.de\\\/exrotaprint-nachrichten\\\/\"]}]},{\"@type\":\"ImageObject\",\"inLanguage\":\"en-US\",\"@id\":\"https:\\\/\\\/www.exrotaprint.de\\\/exrotaprint-nachrichten\\\/#primaryimage\",\"url\":\"http:\\\/\\\/www.exrotaprint.de\\\/wp-content\\\/uploads\\\/2016\\\/12\\\/1_ExRotaprint-Nachrichten_Baudenkmal.jpg\",\"contentUrl\":\"http:\\\/\\\/www.exrotaprint.de\\\/wp-content\\\/uploads\\\/2016\\\/12\\\/1_ExRotaprint-Nachrichten_Baudenkmal.jpg\"},{\"@type\":\"BreadcrumbList\",\"@id\":\"https:\\\/\\\/www.exrotaprint.de\\\/exrotaprint-nachrichten\\\/#breadcrumb\",\"itemListElement\":[{\"@type\":\"ListItem\",\"position\":1,\"name\":\"Startseite\",\"item\":\"https:\\\/\\\/www.exrotaprint.de\\\/\"},{\"@type\":\"ListItem\",\"position\":2,\"name\":\"ExRotaprint Nachrichten\"}]},{\"@type\":\"WebSite\",\"@id\":\"https:\\\/\\\/www.exrotaprint.de\\\/#website\",\"url\":\"https:\\\/\\\/www.exrotaprint.de\\\/\",\"name\":\"ExRotaprint\",\"description\":\"\",\"potentialAction\":[{\"@type\":\"SearchAction\",\"target\":{\"@type\":\"EntryPoint\",\"urlTemplate\":\"https:\\\/\\\/www.exrotaprint.de\\\/?s={search_term_string}\"},\"query-input\":{\"@type\":\"PropertyValueSpecification\",\"valueRequired\":true,\"valueName\":\"search_term_string\"}}],\"inLanguage\":\"en-US\"}]}<\/script>\n<!-- \/ Yoast SEO plugin. -->","yoast_head_json":{"title":"ExRotaprint Nachrichten - ExRotaprint","robots":{"index":"index","follow":"follow","max-snippet":"max-snippet:-1","max-image-preview":"max-image-preview:large","max-video-preview":"max-video-preview:-1"},"canonical":"https:\/\/www.exrotaprint.de\/exrotaprint-nachrichten\/","og_locale":"en_US","og_type":"article","og_title":"ExRotaprint Nachrichten - ExRotaprint","og_url":"https:\/\/www.exrotaprint.de\/exrotaprint-nachrichten\/","og_site_name":"ExRotaprint","article_modified_time":"2022-11-17T23:11:59+00:00","og_image":[{"url":"http:\/\/www.exrotaprint.de\/wp-content\/uploads\/2016\/12\/1_ExRotaprint-Nachrichten_Baudenkmal.jpg","type":"","width":"","height":""}],"twitter_card":"summary_large_image","twitter_misc":{"Est. reading time":"6 minutes"},"schema":{"@context":"https:\/\/schema.org","@graph":[{"@type":"WebPage","@id":"https:\/\/www.exrotaprint.de\/exrotaprint-nachrichten\/","url":"https:\/\/www.exrotaprint.de\/exrotaprint-nachrichten\/","name":"ExRotaprint Nachrichten - ExRotaprint","isPartOf":{"@id":"https:\/\/www.exrotaprint.de\/#website"},"primaryImageOfPage":{"@id":"https:\/\/www.exrotaprint.de\/exrotaprint-nachrichten\/#primaryimage"},"image":{"@id":"https:\/\/www.exrotaprint.de\/exrotaprint-nachrichten\/#primaryimage"},"thumbnailUrl":"http:\/\/www.exrotaprint.de\/wp-content\/uploads\/2016\/12\/1_ExRotaprint-Nachrichten_Baudenkmal.jpg","datePublished":"2016-11-22T09:02:36+00:00","dateModified":"2022-11-17T23:11:59+00:00","breadcrumb":{"@id":"https:\/\/www.exrotaprint.de\/exrotaprint-nachrichten\/#breadcrumb"},"inLanguage":"en-US","potentialAction":[{"@type":"ReadAction","target":["https:\/\/www.exrotaprint.de\/exrotaprint-nachrichten\/"]}]},{"@type":"ImageObject","inLanguage":"en-US","@id":"https:\/\/www.exrotaprint.de\/exrotaprint-nachrichten\/#primaryimage","url":"http:\/\/www.exrotaprint.de\/wp-content\/uploads\/2016\/12\/1_ExRotaprint-Nachrichten_Baudenkmal.jpg","contentUrl":"http:\/\/www.exrotaprint.de\/wp-content\/uploads\/2016\/12\/1_ExRotaprint-Nachrichten_Baudenkmal.jpg"},{"@type":"BreadcrumbList","@id":"https:\/\/www.exrotaprint.de\/exrotaprint-nachrichten\/#breadcrumb","itemListElement":[{"@type":"ListItem","position":1,"name":"Startseite","item":"https:\/\/www.exrotaprint.de\/"},{"@type":"ListItem","position":2,"name":"ExRotaprint Nachrichten"}]},{"@type":"WebSite","@id":"https:\/\/www.exrotaprint.de\/#website","url":"https:\/\/www.exrotaprint.de\/","name":"ExRotaprint","description":"","potentialAction":[{"@type":"SearchAction","target":{"@type":"EntryPoint","urlTemplate":"https:\/\/www.exrotaprint.de\/?s={search_term_string}"},"query-input":{"@type":"PropertyValueSpecification","valueRequired":true,"valueName":"search_term_string"}}],"inLanguage":"en-US"}]}},"_links":{"self":[{"href":"https:\/\/www.exrotaprint.de\/en\/wp-json\/wp\/v2\/pages\/81","targetHints":{"allow":["GET"]}}],"collection":[{"href":"https:\/\/www.exrotaprint.de\/en\/wp-json\/wp\/v2\/pages"}],"about":[{"href":"https:\/\/www.exrotaprint.de\/en\/wp-json\/wp\/v2\/types\/page"}],"author":[{"embeddable":true,"href":"https:\/\/www.exrotaprint.de\/en\/wp-json\/wp\/v2\/users\/1"}],"replies":[{"embeddable":true,"href":"https:\/\/www.exrotaprint.de\/en\/wp-json\/wp\/v2\/comments?post=81"}],"version-history":[{"count":34,"href":"https:\/\/www.exrotaprint.de\/en\/wp-json\/wp\/v2\/pages\/81\/revisions"}],"predecessor-version":[{"id":3236,"href":"https:\/\/www.exrotaprint.de\/en\/wp-json\/wp\/v2\/pages\/81\/revisions\/3236"}],"wp:attachment":[{"href":"https:\/\/www.exrotaprint.de\/en\/wp-json\/wp\/v2\/media?parent=81"}],"curies":[{"name":"wp","href":"https:\/\/api.w.org\/{rel}","templated":true}]}}