{"id":28,"date":"2016-11-12T19:32:09","date_gmt":"2016-11-12T18:32:09","guid":{"rendered":"http:\/\/www.exrotaprint.de\/neu\/?page_id=28"},"modified":"2025-04-22T14:53:14","modified_gmt":"2025-04-22T12:53:14","slug":"gemeinuetzigkeit","status":"publish","type":"page","link":"https:\/\/www.exrotaprint.de\/en\/gemeinuetzigkeit\/","title":{"rendered":"Nonprofit Status"},"content":{"rendered":"<p>Die gemeinn\u00fctzige GmbH ExRotaprint wurde am 17.7.2007 von Mietern auf dem Gel\u00e4nde mit dem Ziel gegr\u00fcndet, das ehemalige Rotaprint Gel\u00e4nde zu \u00fcbernehmen. Am 3.9.2007 unterzeichnete sie einen 99-j\u00e4hrigen Erbbaurechtsvertrag. Die gemeinn\u00fctzigen Ziele der ExRotaprint gGmbH sind der Denkmalschutz und die F\u00f6rderung von Kunst und Kultur. Die gGmbH ist Bauherrin und verantwortet die Finanzierung der Sanierung, die Projektentwicklung und Projektsteuerung sowie die Vermietung und Verwaltung des ExRotaprint Gel\u00e4ndes.<\/p>\n<p>Der Erhalt des Baudenkmals ist die erste Zielsetzung im Gesellschaftervertrag der ExRotaprint gGmbH. Der \u00dcberschuss aus den Mieten wird f\u00fcr die Sanierung der Geb\u00e4ude eingesetzt. Allen Beteiligten war klar, dass der Kaufpreis die geringere Investition ist, ein Vielfaches kostet \u00fcber Jahre die Sanierung. Als zweites Ziel ist die F\u00f6rderung von Kunst und Kultur im Gesellschaftervertrag festgeschrieben. Das erm\u00f6glicht uns, neben der Konsolidierung der Geb\u00e4ude, auch inhaltlich zu arbeiten und Mittel f\u00fcr Themen und Zusammenh\u00e4nge freizumachen. ExRotaprint ist so auch ein Ort f\u00fcr den Diskurs \u00fcber Kunst, Kultur, Politik und Stadtentwicklung.<\/p>\n<p>Die Gr\u00fcndung der gemeinn\u00fctzigen GmbH ExRotaprint wurde 2007 mehrheitlich im ExRotaprint e.V., der ersten Plattform f\u00fcr die Anfangsphase des Projekts, beschlossen. Gesellschafter wurden die Mieter, die sich aktiv an der Projektentwicklung beteiligen wollten. Derzeit hat die ExRotaprint gGmbH 10 Gesellschafter, 11ter Gesellschafter ist der<a href=\"http:\/\/rotaclub.de\/\" target=\"_blank\" rel=\"noopener\"><span style=\"color: #333399;\"> RotaClub e.V.<\/span><\/a>, der Verein aller Mieter. Der RotaClub e.V. hat ein festgelegtes pauschaliertes Stimmrecht in der gGmbH. Der Vorstand des Vereins hat den gleichen Einblick in die Gesellschaft wie die anderen Gesellschafter und \u00fcbt die gleichen Rechte und Pflichten aus. Jeder Mieter kann in den Verein eintreten und sich somit auch in die Entscheidungsprozesse der gemeinn\u00fctzigen GmbH ExRotaprint einbringen. Alle Gesellschafter treffen sich einmal im Monat f\u00fcr einen regelm\u00e4\u00dfigen, die Projektentwicklung begleitenden Austausch \u00fcber alle aktuellen und langfristigen Fragen der Projektentwicklung.<\/p>\n<p>Die Gesellschafter der ExRotaprint gGmbH profitieren nicht von den Einnahmen des Gel\u00e4ndes und k\u00f6nnen bei Verkauf ihrer Gesellschaftsanteile keinen Mehrwert realisieren. So entsteht ein Ort, an dem langfristig stabil zu selbst geschaffenen Konditionen gearbeitet werden kann. Das ist der eigentliche Profit von ExRotaprint.<\/p>\n<p>&nbsp;<\/p>\n<p><img loading=\"lazy\" decoding=\"async\" class=\"alignnone wp-image-237 size-full\" src=\"http:\/\/www.exrotaprint.de\/wp-content\/uploads\/2016\/12\/ExRotaprint-Vertraege_Daniela-Brahm.jpg\" width=\"842\" height=\"595\" srcset=\"https:\/\/www.exrotaprint.de\/wp-content\/uploads\/2016\/12\/ExRotaprint-Vertraege_Daniela-Brahm.jpg 842w, https:\/\/www.exrotaprint.de\/wp-content\/uploads\/2016\/12\/ExRotaprint-Vertraege_Daniela-Brahm-635x449.jpg 635w, https:\/\/www.exrotaprint.de\/wp-content\/uploads\/2016\/12\/ExRotaprint-Vertraege_Daniela-Brahm-768x543.jpg 768w, https:\/\/www.exrotaprint.de\/wp-content\/uploads\/2016\/12\/ExRotaprint-Vertraege_Daniela-Brahm-300x212.jpg 300w\" sizes=\"auto, (max-width: 842px) 100vw, 842px\" \/><\/p>\n<p>&nbsp;<\/p>\n<p><strong>Die Gesellschafter:<\/strong><\/p>\n<p><strong>\u2022 Martin Berghammer,<\/strong> bildender K\u00fcnstler, Mieter auf dem Rotaprint-Gel\u00e4nde und Begleiter der Initiative seit 2005. <span style=\"color: #333399;\"><a style=\"color: #333399;\" href=\"http:\/\/www.martinberghammer.de\/\" target=\"_blank\" rel=\"noopener noreferrer\">www.martinberghammer.de <\/a><\/span>\u2022 <strong>Daniela Brahm,<\/strong> bildende K\u00fcnstlerin, Mieterin auf dem Rotaprint Gel\u00e4nde seit 2000, Initiatorin von ExRotaprint, im Planungsteam der ExRotaprint gGmbH seit 2007. <a href=\"http:\/\/www.danielabrahm.de\/\" target=\"_blank\" rel=\"noopener noreferrer\"><span style=\"color: #333399;\">www.danielabrahm.de <\/span><\/a>\u2022 <strong>Johannes Dziadek<\/strong>, Architekt und Tischler, Mieter auf dem Gel\u00e4nde seit 2012, Gesellschafter der ExRotaprint gGmbH seit 2014. <span style=\"color: #333399;\"><a style=\"color: #333399;\" href=\"http:\/\/www.fri-berlin.de\/\" target=\"_blank\" rel=\"noopener noreferrer\">www.fri-berlin.de <\/a><\/span>\u2022 <strong>Sara Focke Levin,<\/strong> bildende K\u00fcnstlerin, Mieterin auf dem Rotaprint-Gel\u00e4nde seit 1997, lebt und arbeitet in Berlin und Ludwigsburg. <strong>\u2022 Georg Gewers,<\/strong> Architekt, begeisterter Begleiter des Projektes seit dessen Entstehung, selbst nicht Mieter vor Ort. <span style=\"color: #333399;\"><a style=\"color: #333399;\" href=\"http:\/\/www.gewers-pudewill.de\/\" target=\"_blank\" rel=\"noopener noreferrer\">www.gewers-pudewill.de <\/a><\/span><strong>\u2022 Stefan Haupt,<\/strong> Grafiker, Mieter auf dem Gel\u00e4nde seit 2010, Gesellschafter der ExRotaprint gGmbH seit 2014. <span style=\"color: #333399;\"><a style=\"color: #333399;\" href=\"http:\/\/www.bt26.de\/\" target=\"_blank\" rel=\"noopener noreferrer\">www.bt26.de<\/a><\/span> <strong>\u2022 Andr\u00e9 Reutter,<\/strong> Dipl. Designer, Mieter auf dem Rotaprint Gel\u00e4nde seit 2000, seit 2011 Chef der ExRotaprint Kantine. <span style=\"color: #333399;\"><a style=\"color: #333399;\" href=\"http:\/\/www.welldonebysoup.com\/\" target=\"_blank\" rel=\"noopener noreferrer\">www.welldonebysoup.com<\/a> <a style=\"color: #333399;\" href=\"http:\/\/www.haus11catering.de\/\" target=\"_blank\" rel=\"noopener noreferrer\">www.haus11catering.de<\/a><\/span> <strong>\u2022 Les Schliesser,<\/strong> bildender K\u00fcnstler, Mieter auf dem Rotaprint Gel\u00e4nde seit 2000, Initiator von ExRotaprint, im Planungsteam der ExRotaprint gGmbH seit 2007. <span style=\"color: #333399;\"><a style=\"color: #333399;\" href=\"http:\/\/www.lesschliesser.de\/\" target=\"_blank\" rel=\"noopener noreferrer\">www.lesschliesser.de<\/a><\/span> <strong>\u2022 Christian Sch\u00f6ningh, <\/strong>Architekt und Projektentwickler, Beratung und Mitarbeit am Projekt 2007 &#8211; 2010, ist selbst nicht Mieter vor Ort. <span style=\"color: #333399;\"><a style=\"color: #333399;\" href=\"http:\/\/www.zusammenarbeiter.net\/\" target=\"_blank\" rel=\"noopener noreferrer\">www.zusammenarbeiter.net<\/a><\/span> <strong>\u2022 Anna Schuster,<\/strong> bildende K\u00fcnstlerin, Mieterin auf dem Rotaprint Gel\u00e4nde seit 1992. <span style=\"color: #333399;\"><a style=\"color: #333399;\" href=\"http:\/\/www.anna-schuster.com\/\" target=\"_blank\" rel=\"noopener noreferrer\">www.anna-schuster.com<\/a><\/span> <strong>\u2022 RotaClub e.V.,<\/strong> gegr\u00fcndet im August 2005 unter dem Namen ExRotaprint e.V., 2013 Umbenennung in RotaClub e.V.. Der Verein ist die Plattform f\u00fcr die Beteiligung der Mieter an der Projektentwicklung und steht allen Mietern offen. <span style=\"color: #333399;\"><a style=\"color: #333399;\" href=\"http:\/\/rotaclub.de\/\" target=\"_blank\" rel=\"noopener noreferrer\">www.rotaclub.de<\/a><\/span><\/p>\n<p>&nbsp;<\/p>\n<p><img loading=\"lazy\" decoding=\"async\" class=\"alignnone wp-image-233 size-full\" src=\"http:\/\/www.exrotaprint.de\/wp-content\/uploads\/2016\/12\/ExRotaprint-Gesellschafter_Daniela-Brahm.jpg\" alt=\"ExRotaprint Gesellschafter, Zeichnung: Daniel Brahm\" width=\"840\" height=\"595\" srcset=\"https:\/\/www.exrotaprint.de\/wp-content\/uploads\/2016\/12\/ExRotaprint-Gesellschafter_Daniela-Brahm.jpg 840w, https:\/\/www.exrotaprint.de\/wp-content\/uploads\/2016\/12\/ExRotaprint-Gesellschafter_Daniela-Brahm-635x450.jpg 635w, https:\/\/www.exrotaprint.de\/wp-content\/uploads\/2016\/12\/ExRotaprint-Gesellschafter_Daniela-Brahm-768x544.jpg 768w, https:\/\/www.exrotaprint.de\/wp-content\/uploads\/2016\/12\/ExRotaprint-Gesellschafter_Daniela-Brahm-300x213.jpg 300w\" sizes=\"auto, (max-width: 840px) 100vw, 840px\" \/><\/p>\n<p>&nbsp;<\/p>\n","protected":false},"excerpt":{"rendered":"<p>Die gemeinn\u00fctzige GmbH ExRotaprint wurde am 17.7.2007 von Mietern auf dem Gel\u00e4nde mit dem Ziel gegr\u00fcndet, das ehemalige Rotaprint Gel\u00e4nde zu \u00fcbernehmen. Am 3.9.2007 unterzeichnete sie einen 99-j\u00e4hrigen Erbbaurechtsvertrag. Die gemeinn\u00fctzigen Ziele der ExRotaprint gGmbH sind der Denkmalschutz und die F\u00f6rderung von Kunst und Kultur. Die gGmbH ist Bauherrin und verantwortet die Finanzierung der Sanierung, [&hellip;]<\/p>\n","protected":false},"author":1,"featured_media":0,"parent":0,"menu_order":0,"comment_status":"closed","ping_status":"closed","template":"","meta":{"_acf_changed":false,"footnotes":""},"class_list":["post-28","page","type-page","status-publish","hentry"],"translation":{"provider":"WPGlobus","version":"3.0.2","language":"en","enabled_languages":["de","en"],"languages":{"de":{"title":true,"content":true,"excerpt":false},"en":{"title":true,"content":false,"excerpt":false}}},"acf":[],"yoast_head":"<!-- This site is optimized with the Yoast SEO plugin v27.4 - https:\/\/yoast.com\/product\/yoast-seo-wordpress\/ -->\n<title>Nonprofit Status - ExRotaprint<\/title>\n<meta name=\"robots\" content=\"index, follow, max-snippet:-1, max-image-preview:large, max-video-preview:-1\" \/>\n<link rel=\"canonical\" href=\"https:\/\/www.exrotaprint.de\/gemeinuetzigkeit\/\" \/>\n<meta property=\"og:locale\" content=\"en_US\" \/>\n<meta property=\"og:type\" content=\"article\" \/>\n<meta property=\"og:title\" content=\"Nonprofit Status - ExRotaprint\" \/>\n<meta property=\"og:url\" content=\"https:\/\/www.exrotaprint.de\/gemeinuetzigkeit\/\" \/>\n<meta property=\"og:site_name\" content=\"ExRotaprint\" \/>\n<meta property=\"article:modified_time\" content=\"2025-04-22T12:53:14+00:00\" \/>\n<meta property=\"og:image\" content=\"http:\/\/www.exrotaprint.de\/wp-content\/uploads\/2016\/12\/ExRotaprint-Vertraege_Daniela-Brahm.jpg\" \/>\n<meta name=\"twitter:card\" content=\"summary_large_image\" \/>\n<meta name=\"twitter:label1\" content=\"Est. reading time\" \/>\n\t<meta name=\"twitter:data1\" content=\"4 minutes\" \/>\n<script type=\"application\/ld+json\" class=\"yoast-schema-graph\">{\"@context\":\"https:\\\/\\\/schema.org\",\"@graph\":[{\"@type\":\"WebPage\",\"@id\":\"https:\\\/\\\/www.exrotaprint.de\\\/gemeinuetzigkeit\\\/\",\"url\":\"https:\\\/\\\/www.exrotaprint.de\\\/gemeinuetzigkeit\\\/\",\"name\":\"Nonprofit Status - ExRotaprint\",\"isPartOf\":{\"@id\":\"https:\\\/\\\/www.exrotaprint.de\\\/#website\"},\"primaryImageOfPage\":{\"@id\":\"https:\\\/\\\/www.exrotaprint.de\\\/gemeinuetzigkeit\\\/#primaryimage\"},\"image\":{\"@id\":\"https:\\\/\\\/www.exrotaprint.de\\\/gemeinuetzigkeit\\\/#primaryimage\"},\"thumbnailUrl\":\"http:\\\/\\\/www.exrotaprint.de\\\/wp-content\\\/uploads\\\/2016\\\/12\\\/ExRotaprint-Vertraege_Daniela-Brahm.jpg\",\"datePublished\":\"2016-11-12T18:32:09+00:00\",\"dateModified\":\"2025-04-22T12:53:14+00:00\",\"description\":\"Die gemeinn\u00fctzigen Ziele der ExRotaprint gGmbH sind der Denkmalschutz und die F\u00f6rderung von Kunst und Kultur.\",\"breadcrumb\":{\"@id\":\"https:\\\/\\\/www.exrotaprint.de\\\/gemeinuetzigkeit\\\/#breadcrumb\"},\"inLanguage\":\"en-US\",\"potentialAction\":[{\"@type\":\"ReadAction\",\"target\":[\"https:\\\/\\\/www.exrotaprint.de\\\/gemeinuetzigkeit\\\/\"]}]},{\"@type\":\"ImageObject\",\"inLanguage\":\"en-US\",\"@id\":\"https:\\\/\\\/www.exrotaprint.de\\\/gemeinuetzigkeit\\\/#primaryimage\",\"url\":\"http:\\\/\\\/www.exrotaprint.de\\\/wp-content\\\/uploads\\\/2016\\\/12\\\/ExRotaprint-Vertraege_Daniela-Brahm.jpg\",\"contentUrl\":\"http:\\\/\\\/www.exrotaprint.de\\\/wp-content\\\/uploads\\\/2016\\\/12\\\/ExRotaprint-Vertraege_Daniela-Brahm.jpg\"},{\"@type\":\"BreadcrumbList\",\"@id\":\"https:\\\/\\\/www.exrotaprint.de\\\/gemeinuetzigkeit\\\/#breadcrumb\",\"itemListElement\":[{\"@type\":\"ListItem\",\"position\":1,\"name\":\"Startseite\",\"item\":\"https:\\\/\\\/www.exrotaprint.de\\\/\"},{\"@type\":\"ListItem\",\"position\":2,\"name\":\"Gemein\u00fctzigkeit\"}]},{\"@type\":\"WebSite\",\"@id\":\"https:\\\/\\\/www.exrotaprint.de\\\/#website\",\"url\":\"https:\\\/\\\/www.exrotaprint.de\\\/\",\"name\":\"ExRotaprint\",\"description\":\"\",\"potentialAction\":[{\"@type\":\"SearchAction\",\"target\":{\"@type\":\"EntryPoint\",\"urlTemplate\":\"https:\\\/\\\/www.exrotaprint.de\\\/?s={search_term_string}\"},\"query-input\":{\"@type\":\"PropertyValueSpecification\",\"valueRequired\":true,\"valueName\":\"search_term_string\"}}],\"inLanguage\":\"en-US\"}]}<\/script>\n<!-- \/ Yoast SEO plugin. -->","yoast_head_json":{"title":"Nonprofit Status - ExRotaprint","robots":{"index":"index","follow":"follow","max-snippet":"max-snippet:-1","max-image-preview":"max-image-preview:large","max-video-preview":"max-video-preview:-1"},"canonical":"https:\/\/www.exrotaprint.de\/gemeinuetzigkeit\/","og_locale":"en_US","og_type":"article","og_title":"Nonprofit Status - ExRotaprint","og_url":"https:\/\/www.exrotaprint.de\/gemeinuetzigkeit\/","og_site_name":"ExRotaprint","article_modified_time":"2025-04-22T12:53:14+00:00","og_image":[{"url":"http:\/\/www.exrotaprint.de\/wp-content\/uploads\/2016\/12\/ExRotaprint-Vertraege_Daniela-Brahm.jpg","type":"","width":"","height":""}],"twitter_card":"summary_large_image","twitter_misc":{"Est. reading time":"4 minutes"},"schema":{"@context":"https:\/\/schema.org","@graph":[{"@type":"WebPage","@id":"https:\/\/www.exrotaprint.de\/gemeinuetzigkeit\/","url":"https:\/\/www.exrotaprint.de\/gemeinuetzigkeit\/","name":"Nonprofit Status - ExRotaprint","isPartOf":{"@id":"https:\/\/www.exrotaprint.de\/#website"},"primaryImageOfPage":{"@id":"https:\/\/www.exrotaprint.de\/gemeinuetzigkeit\/#primaryimage"},"image":{"@id":"https:\/\/www.exrotaprint.de\/gemeinuetzigkeit\/#primaryimage"},"thumbnailUrl":"http:\/\/www.exrotaprint.de\/wp-content\/uploads\/2016\/12\/ExRotaprint-Vertraege_Daniela-Brahm.jpg","datePublished":"2016-11-12T18:32:09+00:00","dateModified":"2025-04-22T12:53:14+00:00","description":"Die gemeinn\u00fctzigen Ziele der ExRotaprint gGmbH sind der Denkmalschutz und die F\u00f6rderung von Kunst und Kultur.","breadcrumb":{"@id":"https:\/\/www.exrotaprint.de\/gemeinuetzigkeit\/#breadcrumb"},"inLanguage":"en-US","potentialAction":[{"@type":"ReadAction","target":["https:\/\/www.exrotaprint.de\/gemeinuetzigkeit\/"]}]},{"@type":"ImageObject","inLanguage":"en-US","@id":"https:\/\/www.exrotaprint.de\/gemeinuetzigkeit\/#primaryimage","url":"http:\/\/www.exrotaprint.de\/wp-content\/uploads\/2016\/12\/ExRotaprint-Vertraege_Daniela-Brahm.jpg","contentUrl":"http:\/\/www.exrotaprint.de\/wp-content\/uploads\/2016\/12\/ExRotaprint-Vertraege_Daniela-Brahm.jpg"},{"@type":"BreadcrumbList","@id":"https:\/\/www.exrotaprint.de\/gemeinuetzigkeit\/#breadcrumb","itemListElement":[{"@type":"ListItem","position":1,"name":"Startseite","item":"https:\/\/www.exrotaprint.de\/"},{"@type":"ListItem","position":2,"name":"Gemein\u00fctzigkeit"}]},{"@type":"WebSite","@id":"https:\/\/www.exrotaprint.de\/#website","url":"https:\/\/www.exrotaprint.de\/","name":"ExRotaprint","description":"","potentialAction":[{"@type":"SearchAction","target":{"@type":"EntryPoint","urlTemplate":"https:\/\/www.exrotaprint.de\/?s={search_term_string}"},"query-input":{"@type":"PropertyValueSpecification","valueRequired":true,"valueName":"search_term_string"}}],"inLanguage":"en-US"}]}},"_links":{"self":[{"href":"https:\/\/www.exrotaprint.de\/en\/wp-json\/wp\/v2\/pages\/28","targetHints":{"allow":["GET"]}}],"collection":[{"href":"https:\/\/www.exrotaprint.de\/en\/wp-json\/wp\/v2\/pages"}],"about":[{"href":"https:\/\/www.exrotaprint.de\/en\/wp-json\/wp\/v2\/types\/page"}],"author":[{"embeddable":true,"href":"https:\/\/www.exrotaprint.de\/en\/wp-json\/wp\/v2\/users\/1"}],"replies":[{"embeddable":true,"href":"https:\/\/www.exrotaprint.de\/en\/wp-json\/wp\/v2\/comments?post=28"}],"version-history":[{"count":32,"href":"https:\/\/www.exrotaprint.de\/en\/wp-json\/wp\/v2\/pages\/28\/revisions"}],"predecessor-version":[{"id":3782,"href":"https:\/\/www.exrotaprint.de\/en\/wp-json\/wp\/v2\/pages\/28\/revisions\/3782"}],"wp:attachment":[{"href":"https:\/\/www.exrotaprint.de\/en\/wp-json\/wp\/v2\/media?parent=28"}],"curies":[{"name":"wp","href":"https:\/\/api.w.org\/{rel}","templated":true}]}}