{"id":253,"date":"2016-12-07T19:46:01","date_gmt":"2016-12-07T18:46:01","guid":{"rendered":"http:\/\/www.exrotaprint.de\/neu\/?page_id=253"},"modified":"2022-11-18T00:15:48","modified_gmt":"2022-11-17T23:15:48","slug":"julius-berger-preis","status":"publish","type":"page","link":"https:\/\/www.exrotaprint.de\/en\/julius-berger-preis\/","title":{"rendered":"Julius Berger Prize"},"content":{"rendered":"<h3><strong>ExRotaprint wurde mit dem Julius Berger Preis f\u00fcr Stadtentwicklung 2016 ausgezeichnet.<\/strong><\/h3>\n<p>Am 3. Juni 2016 ist zusammen mit den Architekturpreisen 2016 unter Anwesenheit von Andreas Geisel, Senator f\u00fcr Stadtentwicklung und Umwelt, der alle 3 Jahre ausgelobte Julius Berger Preis f\u00fcr Stadtentwicklung in Berlin vergeben worden. Wir freuen uns sehr, dass sich die Jury unter der Schirmherrschaft von Berlins Ehrenb\u00fcrger Edzard Reuter f\u00fcr unser Projekt ExRotaprint entschieden hat. Der Julius Berger Preis f\u00fcr Stadtentwicklung wurde von Bilfinger SE gestiftet um an den Berliner Unternehmer Julius Berger zu erinnern und ist mit 10.000 \u20ac dotiert. 2013 wurde der Preis erstmalig an das Arnold Fortuin Haus verliehen, einem Wohnprojekt f\u00fcr Sinti und Roma der Aachener Siedlungs- und Wohnungsgesellschaft in Berlin-Neuk\u00f6lln.<br \/>\nWir freuen uns besonders, dass ein Mieterprojekt wie ExRotaprint, das sich gegen die Spekulation mit Grund und Boden richtet und sich f\u00fcr eine heterogene Stadtgesellschaft einsetzt, einen solchen Preis erh\u00e4lt. Wir verbinden damit die Hoffnung, dass die Berliner Stadtentwicklungspolitik mehr Aufmerksamkeit und Unterst\u00fctzung auf Gemeinwohl orientierte, profitferne und f\u00fcr alle gesellschaftlichen Gruppen zug\u00e4ngliche Projekte richtet. Der Zugang zu Boden und bezahlbaren Wohnraum f\u00fcr Alle ist die Grundlage f\u00fcr eine soziale, heterogene Stadtgesellschaft ohne Ausgrenzung.<\/p>\n<p>&nbsp;<\/p>\n<h4><strong>Dankesrede von Daniela Brahm und Les Schliesser<\/strong><\/h4>\n<p>anl\u00e4sslich der Verleihung des Julius Berger Preises f\u00fcr Stadtentwicklung 2016 an ExRotaprint, am 3. Juni 2016 im Rahmen der Architekturpreise 2016, Palais am Funkturm, Berlin<\/p>\n<p>\u201e<em>Wenn man was gewinnt, ist das ja immer eine Freude \u2013 vor kurzem hat mich meine Schw\u00e4gerin angerufen, weil mein Bruder eine Reise gewonnen hat, in die T\u00fcrkei, mittlerweile war mein Bruder allerdings verstorben, und das Preisausschreiben war auch schon drei Jahre her und es stellte sich am Ende heraus, dass das Ganze eine Werbema\u00dfnahme war, und jeder, der das Preisausschreiben ausgef\u00fcllt hatte, wurde fr\u00fcher oder sp\u00e4ter zum Gewinner.<\/em><br \/>\n<em>Das ist heute nat\u00fcrlich ganz anders. Wir haben nichts ausgef\u00fcllt und wurden trotzdem nominiert und was jetzt nat\u00fcrlich wirklich eine ganz gro\u00dfe Freude ist \u2013 jetzt stehen wir hier und bekommen von Bilfinger SE einen Preis f\u00fcr Stadtentwicklung \u00fcberreicht \u2013 wir, ein Mieterprojekt, das sich auf die Fahne geschrieben hat, gegen Spekulation mit Grund und Boden, ohne Profit und f\u00fcr eine heterogene Nutzung von Immobilien ein Modell f\u00fcr eine andere Stadtentwicklung unter Beweis zu stellen.<\/em><br \/>\n<em>Vor fast 14 Jahren, als wir angefangen haben an ExRotaprint zu arbeiten, war der Erfolg komplett unwahrscheinlich \u2013 das Einzige, was uns in die H\u00e4nde gespielt hat, war der am Boden liegende Immobilienmarkt und die Tatsache, dass der Berliner Liegenschaftsfonds genau zu diesem Zeitpunkt das Gel\u00e4nde im Wedding verkaufen wollte. Wir haben diese Nullstelle des Marktes genutzt, um ein Projekt aufzusetzen, das Profit am Eigentum ausschlie\u00dft und den Fokus auf die Nutzung der Immobilie und das so m\u00f6gliche, soziale Kapital lenkt.<\/em><br \/>\n<em>Die Finanzkrise hat uns heute in eine andere Umlaufbahn geschossen. Betongold kann man auch im Wedding sch\u00fcrfen, die Zeiten der Nullstellen sind f\u00fcr Berlin vorbei. Umso wichtiger ist es f\u00fcr die Gesellschaft, dass Politik aktiv f\u00fcr eine andere, offene Stadtentwicklung einsteht und Projekte f\u00f6rdert, die sich mit diversen und auch randst\u00e4ndigen Gruppen auseinandersetzt, damit auch beim gro\u00dfen Preisausschreiben der k\u00fcnftigen Berliner Stadtentwicklung alle Gewinner sein werden.<\/em><br \/>\n<em>Wir, als die Initiatoren von ExRotaprint haben auch jeder Menge Leute zu danken, die an unserer Seite f\u00fcr das Projekt eingestanden sind: In den ersten anderthalb Jahren war das Karin Baumert, die als ehemalige Baustadtr\u00e4tin mit ihren Kontakten in die Politik f\u00fcr den ersten Schub gesorgt hat; Georg L\u00f6chner, der damals noch Architekturstudent war; Rainer Giedat, der mit seiner Masterarbeit \u00fcber das ehemalige Rotaprint Gel\u00e4nde, die Teile unseres Konzepts enthielt, einen Preis f\u00fcr Real Estate Management gewonnen hatte und dann vom Liegenschaftsfonds eingestellt wurde. Christian Sch\u00f6ningh und Bernhard Hummel sind mit uns durch die Phase der \u00dcbernahme man\u00f6vriert und haben mit uns gemeinsam die ersten Bauma\u00dfnahmen geplant; wir danken ausdr\u00fccklich nochmal Bernhard Hummel und Oliver Clemens, die mit uns bis heute als planende Architekten mit Sinn f\u00fcr Kosten das Projekt steuern. Aus der Politik sind es besonders Ralf Wieland, Ephraim Gothe und Christian Hanke sowie Thomas Flierl, die sich f\u00fcr unser Projekt eingesetzt haben. Gerade Ephraim Gothe ist in der Berliner Stadtentwicklung eine unverzichtbare Figur, die eine Schnittstelle bildet zwischen Zivilgesellschaft, Politik und Senat. Wir m\u00f6chten den Gesellschaftern von ExRotaprint danken f\u00fcr Ihr Vertrauen und die enge, zielorientierte Zusammenarbeit; und nat\u00fcrlich unseren Partnern Rolf Novy-Huy von der Stiftung trias und Christoph Langscheid von der Stiftung Edith Maryon \u2013 das von uns mit den beiden Stiftungen abgeschlossene Erbbaurecht ist ein wichtiger Baustein unseres Konzepts, um das Gel\u00e4nde langfristig der Bodenspekulation zu entziehen und den Weiterverkauf zu verhindern \u2013 das Erbbaurecht ist ein Instrument, das auch die Stadt st\u00e4rker nutzen kann, um Projekte in ihren Zielen langfristig abzusichern. Und last but not least danken wir allen Mietern von ExRotaprint \u2013 zu denen auch wir selbst geh\u00f6ren \u2013 f\u00fcr den Zusammenhalt und f\u00fcr die regelm\u00e4\u00dfigen Mieteinnahmen als wirtschaftliche Grundlage f\u00fcr das Projekt ExRotaprint. <\/em><em>Vielen Dank noch mal f\u00fcr den Preis, wir freuen uns sehr.<\/em>\u201c<\/p>\n<p>&nbsp;<\/p>\n","protected":false},"excerpt":{"rendered":"<p>ExRotaprint wurde mit dem Julius Berger Preis f\u00fcr Stadtentwicklung 2016 ausgezeichnet. Am 3. Juni 2016 ist zusammen mit den Architekturpreisen 2016 unter Anwesenheit von Andreas Geisel, Senator f\u00fcr Stadtentwicklung und Umwelt, der alle 3 Jahre ausgelobte Julius Berger Preis f\u00fcr Stadtentwicklung in Berlin vergeben worden. Wir freuen uns sehr, dass sich die Jury unter der [&hellip;]<\/p>\n","protected":false},"author":3,"featured_media":0,"parent":0,"menu_order":0,"comment_status":"closed","ping_status":"closed","template":"","meta":{"_acf_changed":false,"footnotes":""},"class_list":["post-253","page","type-page","status-publish","hentry"],"translation":{"provider":"WPGlobus","version":"3.0.2","language":"en","enabled_languages":["de","en"],"languages":{"de":{"title":true,"content":true,"excerpt":false},"en":{"title":true,"content":false,"excerpt":false}}},"acf":[],"yoast_head":"<!-- This site is optimized with the Yoast SEO plugin v27.4 - https:\/\/yoast.com\/product\/yoast-seo-wordpress\/ -->\n<title>Julius Berger Prize - ExRotaprint<\/title>\n<meta name=\"robots\" content=\"index, follow, max-snippet:-1, max-image-preview:large, max-video-preview:-1\" \/>\n<link rel=\"canonical\" href=\"https:\/\/www.exrotaprint.de\/julius-berger-preis\/\" \/>\n<meta property=\"og:locale\" content=\"en_US\" \/>\n<meta property=\"og:type\" content=\"article\" \/>\n<meta property=\"og:title\" content=\"Julius Berger Prize - ExRotaprint\" \/>\n<meta property=\"og:url\" content=\"https:\/\/www.exrotaprint.de\/julius-berger-preis\/\" \/>\n<meta property=\"og:site_name\" content=\"ExRotaprint\" \/>\n<meta property=\"article:modified_time\" content=\"2022-11-17T23:15:48+00:00\" \/>\n<meta name=\"twitter:card\" content=\"summary_large_image\" \/>\n<script type=\"application\/ld+json\" class=\"yoast-schema-graph\">{\"@context\":\"https:\\\/\\\/schema.org\",\"@graph\":[{\"@type\":\"WebPage\",\"@id\":\"https:\\\/\\\/www.exrotaprint.de\\\/julius-berger-preis\\\/\",\"url\":\"https:\\\/\\\/www.exrotaprint.de\\\/julius-berger-preis\\\/\",\"name\":\"Julius Berger Prize - ExRotaprint\",\"isPartOf\":{\"@id\":\"https:\\\/\\\/www.exrotaprint.de\\\/#website\"},\"datePublished\":\"2016-12-07T18:46:01+00:00\",\"dateModified\":\"2022-11-17T23:15:48+00:00\",\"breadcrumb\":{\"@id\":\"https:\\\/\\\/www.exrotaprint.de\\\/julius-berger-preis\\\/#breadcrumb\"},\"inLanguage\":\"en-US\",\"potentialAction\":[{\"@type\":\"ReadAction\",\"target\":[\"https:\\\/\\\/www.exrotaprint.de\\\/julius-berger-preis\\\/\"]}]},{\"@type\":\"BreadcrumbList\",\"@id\":\"https:\\\/\\\/www.exrotaprint.de\\\/julius-berger-preis\\\/#breadcrumb\",\"itemListElement\":[{\"@type\":\"ListItem\",\"position\":1,\"name\":\"Startseite\",\"item\":\"https:\\\/\\\/www.exrotaprint.de\\\/\"},{\"@type\":\"ListItem\",\"position\":2,\"name\":\"Julius Berger Preis\"}]},{\"@type\":\"WebSite\",\"@id\":\"https:\\\/\\\/www.exrotaprint.de\\\/#website\",\"url\":\"https:\\\/\\\/www.exrotaprint.de\\\/\",\"name\":\"ExRotaprint\",\"description\":\"\",\"potentialAction\":[{\"@type\":\"SearchAction\",\"target\":{\"@type\":\"EntryPoint\",\"urlTemplate\":\"https:\\\/\\\/www.exrotaprint.de\\\/?s={search_term_string}\"},\"query-input\":{\"@type\":\"PropertyValueSpecification\",\"valueRequired\":true,\"valueName\":\"search_term_string\"}}],\"inLanguage\":\"en-US\"}]}<\/script>\n<!-- \/ Yoast SEO plugin. -->","yoast_head_json":{"title":"Julius Berger Prize - ExRotaprint","robots":{"index":"index","follow":"follow","max-snippet":"max-snippet:-1","max-image-preview":"max-image-preview:large","max-video-preview":"max-video-preview:-1"},"canonical":"https:\/\/www.exrotaprint.de\/julius-berger-preis\/","og_locale":"en_US","og_type":"article","og_title":"Julius Berger Prize - ExRotaprint","og_url":"https:\/\/www.exrotaprint.de\/julius-berger-preis\/","og_site_name":"ExRotaprint","article_modified_time":"2022-11-17T23:15:48+00:00","twitter_card":"summary_large_image","schema":{"@context":"https:\/\/schema.org","@graph":[{"@type":"WebPage","@id":"https:\/\/www.exrotaprint.de\/julius-berger-preis\/","url":"https:\/\/www.exrotaprint.de\/julius-berger-preis\/","name":"Julius Berger Prize - ExRotaprint","isPartOf":{"@id":"https:\/\/www.exrotaprint.de\/#website"},"datePublished":"2016-12-07T18:46:01+00:00","dateModified":"2022-11-17T23:15:48+00:00","breadcrumb":{"@id":"https:\/\/www.exrotaprint.de\/julius-berger-preis\/#breadcrumb"},"inLanguage":"en-US","potentialAction":[{"@type":"ReadAction","target":["https:\/\/www.exrotaprint.de\/julius-berger-preis\/"]}]},{"@type":"BreadcrumbList","@id":"https:\/\/www.exrotaprint.de\/julius-berger-preis\/#breadcrumb","itemListElement":[{"@type":"ListItem","position":1,"name":"Startseite","item":"https:\/\/www.exrotaprint.de\/"},{"@type":"ListItem","position":2,"name":"Julius Berger Preis"}]},{"@type":"WebSite","@id":"https:\/\/www.exrotaprint.de\/#website","url":"https:\/\/www.exrotaprint.de\/","name":"ExRotaprint","description":"","potentialAction":[{"@type":"SearchAction","target":{"@type":"EntryPoint","urlTemplate":"https:\/\/www.exrotaprint.de\/?s={search_term_string}"},"query-input":{"@type":"PropertyValueSpecification","valueRequired":true,"valueName":"search_term_string"}}],"inLanguage":"en-US"}]}},"_links":{"self":[{"href":"https:\/\/www.exrotaprint.de\/en\/wp-json\/wp\/v2\/pages\/253","targetHints":{"allow":["GET"]}}],"collection":[{"href":"https:\/\/www.exrotaprint.de\/en\/wp-json\/wp\/v2\/pages"}],"about":[{"href":"https:\/\/www.exrotaprint.de\/en\/wp-json\/wp\/v2\/types\/page"}],"author":[{"embeddable":true,"href":"https:\/\/www.exrotaprint.de\/en\/wp-json\/wp\/v2\/users\/3"}],"replies":[{"embeddable":true,"href":"https:\/\/www.exrotaprint.de\/en\/wp-json\/wp\/v2\/comments?post=253"}],"version-history":[{"count":17,"href":"https:\/\/www.exrotaprint.de\/en\/wp-json\/wp\/v2\/pages\/253\/revisions"}],"predecessor-version":[{"id":3241,"href":"https:\/\/www.exrotaprint.de\/en\/wp-json\/wp\/v2\/pages\/253\/revisions\/3241"}],"wp:attachment":[{"href":"https:\/\/www.exrotaprint.de\/en\/wp-json\/wp\/v2\/media?parent=253"}],"curies":[{"name":"wp","href":"https:\/\/api.w.org\/{rel}","templated":true}]}}