{"id":24,"date":"2016-11-12T12:40:29","date_gmt":"2016-11-12T11:40:29","guid":{"rendered":"http:\/\/www.exrotaprint.de\/neu\/?page_id=24"},"modified":"2026-05-03T19:26:01","modified_gmt":"2026-05-03T17:26:01","slug":"kantine","status":"publish","type":"page","link":"https:\/\/www.exrotaprint.de\/en\/kantine\/","title":{"rendered":"Kantine"},"content":{"rendered":"<div class=\"container_box\" style=\"text-align: left\">\n<h2>Offen f\u00fcr Alle<\/h2>\n<h3>Mittagessen. Kaffee und Kuchen<\/h3>\n<\/div>\n<p style=\"text-align: left\"><span style=\"font-family: inherit;font-style: inherit;font-weight: inherit\">Di<\/span><span style=\"font-family: inherit;font-style: inherit;font-weight: inherit\">e Kantine versorgt die Mieter und G\u00e4ste aus der Nachbarschaft<br \/>\nmit Mittagessen, Kaffee und Kuchen.<br \/>\n<\/span>Direkt an der Einfahrt Gottschedstra\u00dfe gelegen, bietet sie frische,<br \/>\nhausgemachte K\u00fcche mit Fokus auf saisonalen Produkten<br \/>\nund hochwertiger Qualit\u00e4t zu einem fairen Preis.<br \/>\nZum Mittagstisch k\u00f6nnen G\u00e4ste hier zwischen zwei Hauptgerichten<br \/>\n&#8211; darunter immer eine vegetarische Option w\u00e4hlen.<\/p>\n<p style=\"text-align: left\">Au\u00dferdem werden t\u00e4glich selbst gebackener Kuchen und Kaffee angeboten.<br \/>\nEs gibt W-Lan und im Sommer auch Sitzpl\u00e4tze auf dem Innenhof.<\/p>\n<div class=\"container_box\" style=\"text-align: left\">\n<hr \/>\n<\/div>\n<h3 style=\"text-align: left\">Die aktuelle Wochenkarte vom 14.11. &#8211; 18.11.2022<\/h3>\n<p style=\"text-align: left\"><!--more-->Mittagsessen von 12:00 Uhr bis 14:30 Uhr<\/p>\n<p>Montag:<br \/>\nFussili \u2013 getrocknete Tomaten\/Thymianpesto<br \/>\n\u2013 Paprika \u2013 Zucchini \u2013 Parmesan<br \/>\nvegan\/veggie 6,5 \u20ac<br \/>\nIndisches Ratatouille \u2013 Basmati<br \/>\n\u2013 Minzjoghurt<br \/>\nvegan\/veggie 8,0<br \/>\nEintopf \u2013 Steinbeisser \u2013 Paprika \u2013 Fenchel<br \/>\n\u2013 Kartoffel \u2013 Baguette<br \/>\n8,5 \u20ac<\/p>\n<p>Dienstag:<br \/>\nEintopf \u2013 Wei\u00dfkohl \u2013 weisse Bohnen<br \/>\n\u2013 Tomate \u2013 Reis<br \/>\nvegan 8,0 \u20ac<br \/>\n+ Knacker 8,5 \u20ac<br \/>\nZwiebelkuchen \u2013 Endiviensalat<br \/>\nveggie 7,5 \u20ac<\/p>\n<p>Mittwoch:<br \/>\nGratin \u2013 Kartoffel \u2013 Fenchel \u2013 Tomaten<br \/>\n\u2013 Salatbeilage<br \/>\nvegan 8,5 \u20ac<br \/>\nSpaghetti Bolognese<br \/>\n8,5 \u20ac<\/p>\n<p>Donnerstag:<br \/>\nShakshuka \u2013 Auberginen \u2013 Paprika \u2013 Rote Zwiebeln<br \/>\nvegan\/veggie 8,0 \u20ac<br \/>\nGr\u00fcnes ThaiCurry \u2013 Gem\u00fcse \u2013 Huhn \u2013 Basmati<br \/>\n8,5<\/p>\n<p>Freitag:<br \/>\nSpaghetti Puttanesca<br \/>\n8,0 \u20ac<br \/>\nvegan\/vegetarisches Gericht<\/p>\n","protected":false},"excerpt":{"rendered":"<p>Offen f\u00fcr Alle Mittagessen. Kaffee und Kuchen Die Kantine versorgt die Mieter und G\u00e4ste aus der Nachbarschaft mit Mittagessen, Kaffee und Kuchen. Direkt an der Einfahrt Gottschedstra\u00dfe gelegen, bietet sie frische, hausgemachte K\u00fcche mit Fokus auf saisonalen Produkten und hochwertiger Qualit\u00e4t zu einem fairen Preis. Zum Mittagstisch k\u00f6nnen G\u00e4ste hier zwischen zwei Hauptgerichten &#8211; darunter [&hellip;]<\/p>\n","protected":false},"author":1,"featured_media":0,"parent":0,"menu_order":0,"comment_status":"closed","ping_status":"closed","template":"","meta":{"_acf_changed":false,"footnotes":""},"class_list":["post-24","page","type-page","status-publish","hentry"],"translation":{"provider":"WPGlobus","version":"3.0.2","language":"en","enabled_languages":["de","en"],"languages":{"de":{"title":true,"content":true,"excerpt":false},"en":{"title":false,"content":false,"excerpt":false}}},"acf":[],"yoast_head":"<!-- This site is optimized with the Yoast SEO plugin v27.4 - https:\/\/yoast.com\/product\/yoast-seo-wordpress\/ -->\n<title>Kantine - ExRotaprint % %<\/title>\n<meta name=\"robots\" content=\"index, follow, max-snippet:-1, max-image-preview:large, max-video-preview:-1\" \/>\n<link rel=\"canonical\" href=\"https:\/\/www.exrotaprint.de\/kantine\/\" \/>\n<meta property=\"og:locale\" content=\"en_US\" \/>\n<meta property=\"og:type\" content=\"article\" \/>\n<meta property=\"og:title\" content=\"Kantine - ExRotaprint\" \/>\n<meta property=\"og:url\" content=\"https:\/\/www.exrotaprint.de\/kantine\/\" \/>\n<meta property=\"og:site_name\" content=\"ExRotaprint\" \/>\n<meta property=\"article:modified_time\" content=\"2026-05-03T17:26:01+00:00\" \/>\n<meta name=\"twitter:card\" content=\"summary_large_image\" \/>\n<meta name=\"twitter:label1\" content=\"Est. reading time\" \/>\n\t<meta name=\"twitter:data1\" content=\"1 minute\" \/>\n<script type=\"application\/ld+json\" class=\"yoast-schema-graph\">{\"@context\":\"https:\\\/\\\/schema.org\",\"@graph\":[{\"@type\":\"WebPage\",\"@id\":\"https:\\\/\\\/www.exrotaprint.de\\\/kantine\\\/\",\"url\":\"https:\\\/\\\/www.exrotaprint.de\\\/kantine\\\/\",\"name\":\"Kantine - ExRotaprint % %\",\"isPartOf\":{\"@id\":\"https:\\\/\\\/www.exrotaprint.de\\\/#website\"},\"datePublished\":\"2016-11-12T11:40:29+00:00\",\"dateModified\":\"2026-05-03T17:26:01+00:00\",\"description\":\"Die Kantine versorgt die Mieter und die Nachbarschaft mit , Mittagessen, Kaffee und Kuchen. Sie bietet frische, hausgemachte K\u00fcche zu einem fairen Preis.\",\"breadcrumb\":{\"@id\":\"https:\\\/\\\/www.exrotaprint.de\\\/kantine\\\/#breadcrumb\"},\"inLanguage\":\"en-US\",\"potentialAction\":[{\"@type\":\"ReadAction\",\"target\":[\"https:\\\/\\\/www.exrotaprint.de\\\/kantine\\\/\"]}]},{\"@type\":\"BreadcrumbList\",\"@id\":\"https:\\\/\\\/www.exrotaprint.de\\\/kantine\\\/#breadcrumb\",\"itemListElement\":[{\"@type\":\"ListItem\",\"position\":1,\"name\":\"Startseite\",\"item\":\"https:\\\/\\\/www.exrotaprint.de\\\/\"},{\"@type\":\"ListItem\",\"position\":2,\"name\":\"Kantine\"}]},{\"@type\":\"WebSite\",\"@id\":\"https:\\\/\\\/www.exrotaprint.de\\\/#website\",\"url\":\"https:\\\/\\\/www.exrotaprint.de\\\/\",\"name\":\"ExRotaprint\",\"description\":\"\",\"potentialAction\":[{\"@type\":\"SearchAction\",\"target\":{\"@type\":\"EntryPoint\",\"urlTemplate\":\"https:\\\/\\\/www.exrotaprint.de\\\/?s={search_term_string}\"},\"query-input\":{\"@type\":\"PropertyValueSpecification\",\"valueRequired\":true,\"valueName\":\"search_term_string\"}}],\"inLanguage\":\"en-US\"}]}<\/script>\n<!-- \/ Yoast SEO plugin. -->","yoast_head_json":{"title":"Kantine - ExRotaprint % %","robots":{"index":"index","follow":"follow","max-snippet":"max-snippet:-1","max-image-preview":"max-image-preview:large","max-video-preview":"max-video-preview:-1"},"canonical":"https:\/\/www.exrotaprint.de\/kantine\/","og_locale":"en_US","og_type":"article","og_title":"Kantine - ExRotaprint","og_url":"https:\/\/www.exrotaprint.de\/kantine\/","og_site_name":"ExRotaprint","article_modified_time":"2026-05-03T17:26:01+00:00","twitter_card":"summary_large_image","twitter_misc":{"Est. reading time":"1 minute"},"schema":{"@context":"https:\/\/schema.org","@graph":[{"@type":"WebPage","@id":"https:\/\/www.exrotaprint.de\/kantine\/","url":"https:\/\/www.exrotaprint.de\/kantine\/","name":"Kantine - ExRotaprint % %","isPartOf":{"@id":"https:\/\/www.exrotaprint.de\/#website"},"datePublished":"2016-11-12T11:40:29+00:00","dateModified":"2026-05-03T17:26:01+00:00","description":"Die Kantine versorgt die Mieter und die Nachbarschaft mit , Mittagessen, Kaffee und Kuchen. Sie bietet frische, hausgemachte K\u00fcche zu einem fairen Preis.","breadcrumb":{"@id":"https:\/\/www.exrotaprint.de\/kantine\/#breadcrumb"},"inLanguage":"en-US","potentialAction":[{"@type":"ReadAction","target":["https:\/\/www.exrotaprint.de\/kantine\/"]}]},{"@type":"BreadcrumbList","@id":"https:\/\/www.exrotaprint.de\/kantine\/#breadcrumb","itemListElement":[{"@type":"ListItem","position":1,"name":"Startseite","item":"https:\/\/www.exrotaprint.de\/"},{"@type":"ListItem","position":2,"name":"Kantine"}]},{"@type":"WebSite","@id":"https:\/\/www.exrotaprint.de\/#website","url":"https:\/\/www.exrotaprint.de\/","name":"ExRotaprint","description":"","potentialAction":[{"@type":"SearchAction","target":{"@type":"EntryPoint","urlTemplate":"https:\/\/www.exrotaprint.de\/?s={search_term_string}"},"query-input":{"@type":"PropertyValueSpecification","valueRequired":true,"valueName":"search_term_string"}}],"inLanguage":"en-US"}]}},"_links":{"self":[{"href":"https:\/\/www.exrotaprint.de\/en\/wp-json\/wp\/v2\/pages\/24","targetHints":{"allow":["GET"]}}],"collection":[{"href":"https:\/\/www.exrotaprint.de\/en\/wp-json\/wp\/v2\/pages"}],"about":[{"href":"https:\/\/www.exrotaprint.de\/en\/wp-json\/wp\/v2\/types\/page"}],"author":[{"embeddable":true,"href":"https:\/\/www.exrotaprint.de\/en\/wp-json\/wp\/v2\/users\/1"}],"replies":[{"embeddable":true,"href":"https:\/\/www.exrotaprint.de\/en\/wp-json\/wp\/v2\/comments?post=24"}],"version-history":[{"count":948,"href":"https:\/\/www.exrotaprint.de\/en\/wp-json\/wp\/v2\/pages\/24\/revisions"}],"predecessor-version":[{"id":4179,"href":"https:\/\/www.exrotaprint.de\/en\/wp-json\/wp\/v2\/pages\/24\/revisions\/4179"}],"wp:attachment":[{"href":"https:\/\/www.exrotaprint.de\/en\/wp-json\/wp\/v2\/media?parent=24"}],"curies":[{"name":"wp","href":"https:\/\/api.w.org\/{rel}","templated":true}]}}