{"id":177,"date":"2016-12-02T16:36:08","date_gmt":"2016-12-02T15:36:08","guid":{"rendered":"http:\/\/www.exrotaprint.de\/neu\/?page_id=177"},"modified":"2022-11-17T23:49:54","modified_gmt":"2022-11-17T22:49:54","slug":"erbbaurecht","status":"publish","type":"page","link":"https:\/\/www.exrotaprint.de\/en\/erbbaurecht\/","title":{"rendered":"Heritable Building Right"},"content":{"rendered":"<p>Um den von uns verhandelten und erzielten Kaufpreis gegen Spekulationsgewinne abzusichern und unsere Arbeit an dem Projekt ExRotaprint abzusichern, haben wir uns entschieden ein Erbbaurecht mit den Stiftungen trias und Edith Maryon einzugehen. Der 99-j\u00e4hrige Erbbaurechtsvertrag mit den Stiftungen wurde am 3. September 2007 unterzeichnet und ist bis 2106 g\u00fcltig. Beide Stiftungen arbeiten an einem neuen Umgang mit Grund und Boden und sind daher ideale Partner f\u00fcr unsere profitferne Projektentwicklung.<\/p>\n<p>Das Erbbaurecht setzt die ExRotaprint gGmbH f\u00fcr den gesamten Zeitraum in eine eigentumsgleiche Position. Wir verantworten die Finanzierung und Entwicklung des Gel\u00e4ndes in allen Aspekten, einzig der Verkauf des Gel\u00e4ndes ist uns unm\u00f6glich.<\/p>\n<p>Wir haben die Stiftungen in den von uns mit dem Liegenschaftsfonds Berlin verhandelten Kaufvertrag eingesetzt. Am Tag des Kaufs des Grundst\u00fccks haben die Stiftung das Gel\u00e4nde mittels Erbbaurechtsvertrag an die ExRotaprint gGmbH weitergeben. Das Erbbaurecht teilt das Eigentum; die Geb\u00e4ude sind in Besitz der ExRotaprint gGmbH, der Boden ist Eigentum der Stiftungen. F\u00fcr die Nutzung des Bodens zahlt ExRotaprint j\u00e4hrlich einen Erbbauzins von 10% Prozent der Nettokaltmieten (mindestens aber 5,5 % des Bodenwerts). \u00dcber den Erbbauzins, der langfristig den Kaufpreis mehrfach \u00fcbersteigt, haben die Stiftungen die M\u00f6glichkeit neue Projekte anzuschieben. Mit dem Erbbaurecht hat sich ExRotaprint diesem solidarischen Geldfluss bewusst angeschlossen.<\/p>\n<p>In dem Erbbaurechtsvertrag sind unsere Ziele, die parit\u00e4tische Vermietung an Gewerbebetriebe, soziale Einrichtungen und kulturelle Nutzungen (&#8220;Arbeit, Kunst, Soziales&#8221;), die sozial integrative Ausrichtung des Projektes, sowie dessen gemeinn\u00fctziger Status f\u00fcr die Projektentwicklung festgeschrieben. ExRotaprint ist so langfristig gesichert und verfolgt auch in Zukunft eine profitferne Immobilienentwicklung f\u00fcr eine heterogene Nutzerschaft.<\/p>\n<p>&nbsp;<\/p>\n<p><img loading=\"lazy\" decoding=\"async\" class=\"alignnone wp-image-1344 size-full\" src=\"http:\/\/www.exrotaprint.de\/wp-content\/uploads\/2016\/12\/Erbbaurecht-Gemeinnuetzigkeit.jpg\" alt=\"ExRotaprint Erbbaurecht und Gemeinn\u00fctzigkeit, Zeichnung: Daniela Brahm\" width=\"635\" height=\"430\" srcset=\"https:\/\/www.exrotaprint.de\/wp-content\/uploads\/2016\/12\/Erbbaurecht-Gemeinnuetzigkeit.jpg 635w, https:\/\/www.exrotaprint.de\/wp-content\/uploads\/2016\/12\/Erbbaurecht-Gemeinnuetzigkeit-300x203.jpg 300w\" sizes=\"auto, (max-width: 635px) 100vw, 635px\" \/><\/p>\n<p>&nbsp;<\/p>\n<p>&nbsp;<\/p>\n<h2><strong>So funktioniert das Erbbaurecht<\/strong><\/h2>\n<p>Hintergrund<\/p>\n<p>Das Instrument Erbbaurecht erm\u00f6glicht die nachhaltige Bewirtschaftung eines Grundst\u00fccks, indem es die Ziele der Entwicklung und Nutzung f\u00fcr einen langen Zeitraum definiert und eine j\u00e4hrliche Verzinsung garantiert. Erbbaurechtsvertr\u00e4ge er\u00f6ffnen beiden Vertragspartnern gesellschafts- und stadtpolitische Gestaltungsm\u00f6glichkeiten, ohne den notwendigen Gestaltungsraum f\u00fcr immer abzugeben oder finanziell schw\u00e4cher gestellte Bev\u00f6lkerungsgruppen von Raum und Nutzungen auszuschlie\u00dfen. Erbbaurechte wurden in Deutschland 1919 mit dem Erbbaurechtsgesetz eingef\u00fchrt, um den Wohnungsbau zu f\u00f6rdern und einkommensschw\u00e4cheren Bev\u00f6lkerungsschichten den Bau eines Hauses zu erm\u00f6glichen. Gleichzeitig sollte damit ein Instrument gegen Bodenspekulation geschaffen werden.<\/p>\n<p>Das Erbbaurecht teilt das Grundst\u00fcckseigentum, indem es den Boden von den Geb\u00e4uden trennt. Der Erbbaurechtsgeber ist Eigent\u00fcmer des Bodens, der Erbbaurechtsnehmer besitzt die Geb\u00e4ude.<\/p>\n<p>Das Erbbaurecht ist ein eigentumsgleiches Recht mit allen damit verbundenen Rechten und Pflichten der Bewirtschaftung eines Grundst\u00fccks. Mit dem Erbbaurechtsvertrag \u00fcbergibt der Bodeneigent\u00fcmer dem Erbbaurechtsnehmer ein Grundst\u00fcck f\u00fcr einen vereinbarten Zeitraum.<\/p>\n<p>Im Erbbaurecht k\u00f6nnen Zielsetzungen f\u00fcr die Art der Nutzung, der inhaltlichen Ausrichtung der Bewirtschaftung oder der baulichen Aktivit\u00e4ten festgeschrieben werden. Diese Ziele gelten f\u00fcr die Dauer des Erbbaurechts und sind daher ein wesentliches Gestaltungselement des Vertrages.<\/p>\n<p>In der Regel wird ein Erbbaurecht \u00fcber 99 Jahre abgeschlossen. K\u00fcrzere Vertr\u00e4ge sind m\u00f6glich, weniger als 30 Jahre sind in Anbetracht der durch den Erbbaurechtsnehmer zu tragenden Investitionskosten nicht sinnvoll. Als Gegenleistung erh\u00e4lt der Erbbaurechtsgeber einen j\u00e4hrlich zu zahlenden Erbbauzins. Der Erbbauzins wird auf den Bodenwert berechnet und ist frei verhandelbar. Er betr\u00e4gt je nach Nutzungsart und Zielsetzung in der Regel 3 bis 6,5 % j\u00e4hrlich. Der Erbbauzins wird werterhaltend vereinbart, d.h.er wird mit einer Anpassungsvereinbarung abgeschlossen, die normalerweise an den Verbraucherpreisindex gebunden ist. Der Erbbauzins kann auch an die Bewirtschaftung des Grundst\u00fccks gekoppelt werden und einen bestimmten Prozentsatz der Ertr\u00e4ge betragen.<\/p>\n<p>Steht auf dem Grundst\u00fcck bei Vertragsabschluss ein Geb\u00e4ude, so wird dessen Wert gesondert vom Boden ermittelt und vom Erbbaurechtsnehmer gekauft oder ausgel\u00f6st. Es besteht aber auch die M\u00f6glichkeit, den Wert des Geb\u00e4udes in die Erbbauzinsberechnung mit einzubeziehen. Ist das Geb\u00e4ude stark sanierungsbed\u00fcrftig, belastet durch Altlasten oder mit anderen Beschr\u00e4nkungen versehen (z.B. Denkmalschutz) kann der Geb\u00e4udewert sehr gering sein. Alle Investitionskosten, ob Neubau oder Sanierung, tr\u00e4gt der Erbbaurechtsnehmer.<\/p>\n<p>Das Erbbaurecht muss im Grundbuch des Grundst\u00fcckseigent\u00fcmers an erster Rangstelle eingetragen werden. Getrennt davon wird ein Erbbaurechtsgrundbuch erstellt und gef\u00fchrt.<\/p>\n<p>Das Erbbaurecht hat h\u00e4ufig einen h\u00f6heren Wert als das mit dem Erbbaurecht belastete Grundst\u00fcck, da der Erbbaurechtsnehmer die Ertr\u00e4ge aus der Bewirtschaftung erzielt.<\/p>\n<p>Der Wert des Erbbaurechts kann f\u00fcr Investitionen in den Geb\u00e4udebestand oder f\u00fcr Neubauten beliehen werden. Die Obergrenze der Belastung ist im Allgemeinen im Erbbaurechtsvertrag geregelt und bedarf der Zustimmung des Erbbaurechtsgebers. Schulden m\u00fcssen vor Auslaufen des Erbbaurechts getilgt sein. Um ein sinnvolles Bewirtschaften des Grundst\u00fccks bis zum Ende der Laufzeit zu gew\u00e4hrleisten, ist eine genaue Regelung f\u00fcr die Ausl\u00f6sung des Wertes der Geb\u00e4ude bei der R\u00fcck\u00fcbertragung wichtig, da sonst keine Investitionen in der Endphase mehr get\u00e4tigt werden. Wenn der Erbbaurechtsgeber das Grundst\u00fcck nicht anderweitig verwenden will, kann eine Verl\u00e4ngerung des Erbbaurechts jederzeit verhandelt werden.<\/p>\n<p>Ein vorzeitiges Aufl\u00f6sen des Vertrages kann nur durch Insolvenz einer der beiden Vertragspartner, Ausbleiben der Zinszahlungen oder durch Verletzung der Nutzungsziele erfolgen. F\u00fcr diese F\u00e4lle sind im Vertrag Regelungen zum gegenseitigen Vorkaufsrecht, zu Sanktionen im Falle von Vertragsverletzungen und genaue Regelungen f\u00fcr den Fall der Aufl\u00f6sung des Erbbaurechtes formuliert.<\/p>\n<p>Bei Beendigung des Erbbaurechts (dem so genannten \u201eHeimfall\u201c) wird der Wert der Geb\u00e4ude ermittelt und muss \u2013 zumindest anteilig \u2013\u00a0 vom Erbbaurechtsgeber ausgel\u00f6st werden. Die genauen Konditionen einer Entsch\u00e4digung des Erbbaurechtsnehmers f\u00fcr die R\u00fcck\u00fcbertragung der Geb\u00e4ude werden im Erbbaurechtsvertrag geregelt.<\/p>\n<p>Erbbaurechte k\u00f6nnen vererbt, verkauft oder aufgeteilt werden. F\u00fcr einen Verkauf oder eine Aufteilung bedarf es die Einwilligung des Erbbaurechtsgebers, soweit dies im Erbbaurechtsvertrag festgelegt ist.<\/p>\n<p>Auszug aus: <strong>Wie funktioniert das Erbbaurecht?<\/strong> 5. Ausgabe der ExRotaprint Nachrichten zum Thema Erbbaurecht.\u00a0<strong><span style=\"color: #333399;\"><a href=\"http:\/\/www.exrotaprint.de\/wp-content\/uploads\/2016\/11\/5-ExRotaprint-Nachrichten_Erbbaurecht.pdf\" target=\"_blank\" rel=\"noopener noreferrer\"><span style=\"color: #333399;\">Download hier (1,3 MB)<\/span><\/a><\/span><\/strong><\/p>\n<p>Dokumentation der <strong>Erbbaurechtswerkstatt<\/strong> vom 1.12.2017: <a href=\"http:\/\/www.exrotaprint.de\/wp-content\/uploads\/2018\/01\/Erbbaurechtswerkstatt_Dokumentation.pdf\" target=\"_blank\" rel=\"noopener noreferrer\"><span style=\"color: #333399;\"><strong>Download hier (8 MB)<\/strong><\/span><\/a><\/p>\n","protected":false},"excerpt":{"rendered":"<p>Um den von uns verhandelten und erzielten Kaufpreis gegen Spekulationsgewinne abzusichern und unsere Arbeit an dem Projekt ExRotaprint abzusichern, haben wir uns entschieden ein Erbbaurecht mit den Stiftungen trias und Edith Maryon einzugehen. Der 99-j\u00e4hrige Erbbaurechtsvertrag mit den Stiftungen wurde am 3. September 2007 unterzeichnet und ist bis 2106 g\u00fcltig. Beide Stiftungen arbeiten an einem [&hellip;]<\/p>\n","protected":false},"author":3,"featured_media":0,"parent":0,"menu_order":0,"comment_status":"closed","ping_status":"closed","template":"","meta":{"_acf_changed":false,"footnotes":""},"class_list":["post-177","page","type-page","status-publish","hentry"],"translation":{"provider":"WPGlobus","version":"3.0.2","language":"en","enabled_languages":["de","en"],"languages":{"de":{"title":true,"content":true,"excerpt":false},"en":{"title":true,"content":false,"excerpt":false}}},"acf":[],"yoast_head":"<!-- This site is optimized with the Yoast SEO plugin v27.0 - https:\/\/yoast.com\/product\/yoast-seo-wordpress\/ -->\n<title>Heritable Building Right - ExRotaprint<\/title>\n<meta name=\"robots\" content=\"index, follow, max-snippet:-1, max-image-preview:large, max-video-preview:-1\" \/>\n<link rel=\"canonical\" href=\"https:\/\/www.exrotaprint.de\/erbbaurecht\/\" \/>\n<meta property=\"og:locale\" content=\"en_US\" \/>\n<meta property=\"og:type\" content=\"article\" \/>\n<meta property=\"og:title\" content=\"Heritable Building Right - ExRotaprint\" \/>\n<meta property=\"og:url\" content=\"https:\/\/www.exrotaprint.de\/erbbaurecht\/\" \/>\n<meta property=\"og:site_name\" content=\"ExRotaprint\" \/>\n<meta property=\"article:modified_time\" content=\"2022-11-17T22:49:54+00:00\" \/>\n<meta property=\"og:image\" content=\"http:\/\/www.exrotaprint.de\/wp-content\/uploads\/2016\/12\/Erbbaurecht-Gemeinnuetzigkeit.jpg\" \/>\n<meta name=\"twitter:card\" content=\"summary_large_image\" \/>\n<script type=\"application\/ld+json\" class=\"yoast-schema-graph\">{\"@context\":\"https:\/\/schema.org\",\"@graph\":[{\"@type\":\"WebPage\",\"@id\":\"https:\/\/www.exrotaprint.de\/erbbaurecht\/\",\"url\":\"https:\/\/www.exrotaprint.de\/erbbaurecht\/\",\"name\":\"Heritable Building Right - ExRotaprint\",\"isPartOf\":{\"@id\":\"https:\/\/www.exrotaprint.de\/#website\"},\"primaryImageOfPage\":{\"@id\":\"https:\/\/www.exrotaprint.de\/erbbaurecht\/#primaryimage\"},\"image\":{\"@id\":\"https:\/\/www.exrotaprint.de\/erbbaurecht\/#primaryimage\"},\"thumbnailUrl\":\"http:\/\/www.exrotaprint.de\/wp-content\/uploads\/2016\/12\/Erbbaurecht-Gemeinnuetzigkeit.jpg\",\"datePublished\":\"2016-12-02T15:36:08+00:00\",\"dateModified\":\"2022-11-17T22:49:54+00:00\",\"breadcrumb\":{\"@id\":\"https:\/\/www.exrotaprint.de\/erbbaurecht\/#breadcrumb\"},\"inLanguage\":\"en-US\",\"potentialAction\":[{\"@type\":\"ReadAction\",\"target\":[\"https:\/\/www.exrotaprint.de\/erbbaurecht\/\"]}]},{\"@type\":\"ImageObject\",\"inLanguage\":\"en-US\",\"@id\":\"https:\/\/www.exrotaprint.de\/erbbaurecht\/#primaryimage\",\"url\":\"http:\/\/www.exrotaprint.de\/wp-content\/uploads\/2016\/12\/Erbbaurecht-Gemeinnuetzigkeit.jpg\",\"contentUrl\":\"http:\/\/www.exrotaprint.de\/wp-content\/uploads\/2016\/12\/Erbbaurecht-Gemeinnuetzigkeit.jpg\"},{\"@type\":\"BreadcrumbList\",\"@id\":\"https:\/\/www.exrotaprint.de\/erbbaurecht\/#breadcrumb\",\"itemListElement\":[{\"@type\":\"ListItem\",\"position\":1,\"name\":\"Startseite\",\"item\":\"https:\/\/www.exrotaprint.de\/\"},{\"@type\":\"ListItem\",\"position\":2,\"name\":\"Erbbaurecht\"}]},{\"@type\":\"WebSite\",\"@id\":\"https:\/\/www.exrotaprint.de\/#website\",\"url\":\"https:\/\/www.exrotaprint.de\/\",\"name\":\"ExRotaprint\",\"description\":\"\",\"potentialAction\":[{\"@type\":\"SearchAction\",\"target\":{\"@type\":\"EntryPoint\",\"urlTemplate\":\"https:\/\/www.exrotaprint.de\/?s={search_term_string}\"},\"query-input\":{\"@type\":\"PropertyValueSpecification\",\"valueRequired\":true,\"valueName\":\"search_term_string\"}}],\"inLanguage\":\"en-US\"}]}<\/script>\n<!-- \/ Yoast SEO plugin. -->","yoast_head_json":{"title":"Heritable Building Right - ExRotaprint","robots":{"index":"index","follow":"follow","max-snippet":"max-snippet:-1","max-image-preview":"max-image-preview:large","max-video-preview":"max-video-preview:-1"},"canonical":"https:\/\/www.exrotaprint.de\/erbbaurecht\/","og_locale":"en_US","og_type":"article","og_title":"Heritable Building Right - ExRotaprint","og_url":"https:\/\/www.exrotaprint.de\/erbbaurecht\/","og_site_name":"ExRotaprint","article_modified_time":"2022-11-17T22:49:54+00:00","og_image":[{"url":"http:\/\/www.exrotaprint.de\/wp-content\/uploads\/2016\/12\/Erbbaurecht-Gemeinnuetzigkeit.jpg","type":"","width":"","height":""}],"twitter_card":"summary_large_image","schema":{"@context":"https:\/\/schema.org","@graph":[{"@type":"WebPage","@id":"https:\/\/www.exrotaprint.de\/erbbaurecht\/","url":"https:\/\/www.exrotaprint.de\/erbbaurecht\/","name":"Heritable Building Right - ExRotaprint","isPartOf":{"@id":"https:\/\/www.exrotaprint.de\/#website"},"primaryImageOfPage":{"@id":"https:\/\/www.exrotaprint.de\/erbbaurecht\/#primaryimage"},"image":{"@id":"https:\/\/www.exrotaprint.de\/erbbaurecht\/#primaryimage"},"thumbnailUrl":"http:\/\/www.exrotaprint.de\/wp-content\/uploads\/2016\/12\/Erbbaurecht-Gemeinnuetzigkeit.jpg","datePublished":"2016-12-02T15:36:08+00:00","dateModified":"2022-11-17T22:49:54+00:00","breadcrumb":{"@id":"https:\/\/www.exrotaprint.de\/erbbaurecht\/#breadcrumb"},"inLanguage":"en-US","potentialAction":[{"@type":"ReadAction","target":["https:\/\/www.exrotaprint.de\/erbbaurecht\/"]}]},{"@type":"ImageObject","inLanguage":"en-US","@id":"https:\/\/www.exrotaprint.de\/erbbaurecht\/#primaryimage","url":"http:\/\/www.exrotaprint.de\/wp-content\/uploads\/2016\/12\/Erbbaurecht-Gemeinnuetzigkeit.jpg","contentUrl":"http:\/\/www.exrotaprint.de\/wp-content\/uploads\/2016\/12\/Erbbaurecht-Gemeinnuetzigkeit.jpg"},{"@type":"BreadcrumbList","@id":"https:\/\/www.exrotaprint.de\/erbbaurecht\/#breadcrumb","itemListElement":[{"@type":"ListItem","position":1,"name":"Startseite","item":"https:\/\/www.exrotaprint.de\/"},{"@type":"ListItem","position":2,"name":"Erbbaurecht"}]},{"@type":"WebSite","@id":"https:\/\/www.exrotaprint.de\/#website","url":"https:\/\/www.exrotaprint.de\/","name":"ExRotaprint","description":"","potentialAction":[{"@type":"SearchAction","target":{"@type":"EntryPoint","urlTemplate":"https:\/\/www.exrotaprint.de\/?s={search_term_string}"},"query-input":{"@type":"PropertyValueSpecification","valueRequired":true,"valueName":"search_term_string"}}],"inLanguage":"en-US"}]}},"_links":{"self":[{"href":"https:\/\/www.exrotaprint.de\/en\/wp-json\/wp\/v2\/pages\/177","targetHints":{"allow":["GET"]}}],"collection":[{"href":"https:\/\/www.exrotaprint.de\/en\/wp-json\/wp\/v2\/pages"}],"about":[{"href":"https:\/\/www.exrotaprint.de\/en\/wp-json\/wp\/v2\/types\/page"}],"author":[{"embeddable":true,"href":"https:\/\/www.exrotaprint.de\/en\/wp-json\/wp\/v2\/users\/3"}],"replies":[{"embeddable":true,"href":"https:\/\/www.exrotaprint.de\/en\/wp-json\/wp\/v2\/comments?post=177"}],"version-history":[{"count":32,"href":"https:\/\/www.exrotaprint.de\/en\/wp-json\/wp\/v2\/pages\/177\/revisions"}],"predecessor-version":[{"id":3216,"href":"https:\/\/www.exrotaprint.de\/en\/wp-json\/wp\/v2\/pages\/177\/revisions\/3216"}],"wp:attachment":[{"href":"https:\/\/www.exrotaprint.de\/en\/wp-json\/wp\/v2\/media?parent=177"}],"curies":[{"name":"wp","href":"https:\/\/api.w.org\/{rel}","templated":true}]}}