{"id":1484,"date":"2017-02-10T17:02:22","date_gmt":"2017-02-10T16:02:22","guid":{"rendered":"http:\/\/www.exrotaprint.de\/neu\/?page_id=1484"},"modified":"2026-04-30T11:11:50","modified_gmt":"2026-04-30T09:11:50","slug":"aktuelle-veranstaltungen","status":"publish","type":"page","link":"https:\/\/www.exrotaprint.de\/en\/aktuelle-veranstaltungen\/","title":{"rendered":"Upcoming Events"},"content":{"rendered":"<p><a href=\"https:\/\/www.facebook.com\/ExRotaprint\/\" target=\"_blank\" rel=\"noopener noreferrer\"><span style=\"color: #333399;\">ExRotaprint on\u00a0<\/span><img loading=\"lazy\" decoding=\"async\" class=\"alignnone size-full wp-image-1887\" src=\"http:\/\/www.exrotaprint.de\/wp-content\/uploads\/2018\/01\/FB-f-Logo__blue_29.png\" alt=\"\" width=\"29\" height=\"29\" \/><\/a><\/p>\n<p>&nbsp;<\/p>\n<h2><strong>Nichts Neues \u2013 Besser Bauen mit Bestand<\/strong><\/h2>\n<h4><strong>Ausstellungsbeteiligung im Deutschen Architekturmuseum Frankfurt<\/strong><\/h4>\n<p><strong>16. September 2022 bis 23. Januar 2023<\/strong><\/p>\n<p>Wir freuen uns, dass ExRotaprint als eines von 30 international ausgew\u00e4hlten Projekten Teil der Ausstellung &#8220;Nichts Neues \u2013 Besser Bauen mit Bestand\u201c im Deutschen Architekturmuseum Frankfurt sein wird. Es geht um Sanierung, Revitalisierung, Weiterbauen, Nachhaltigkeit \u00a0und neue Perspektiven auf die Nutzung von Bestandsarchitektur \u2013 Themen, denen wir uns sehr verbunden f\u00fchlen.<\/p>\n<p>Aus dem Ausstellungstext:<br \/>\nUmbauen, Anbauen, Weiterbauen \u2013 der Geb\u00e4udebestand bietet zahlreiche M\u00f6glichkeiten ihn fortzuschreiben. Auch das Deutsche Architekturmuseum (DAM) am Schaumainkai in Frankfurt am Main wird seit Oktober 2021 umgebaut und saniert. Ersatzweise finden Ausstellungen und Veranstaltungen im Interimsquartier DAM OSTEND in einem ehemaligen B\u00fcrokomplex am Danziger Platz neben dem Ostbahnhof statt. Aus diesem Anlass widmet sich die Ausstellung\u00a0<em>Nichts Neues \u2013 Besser Bauen mit Bestand<\/em>\u00a0einer Auswahl zeitgen\u00f6ssischer internationaler Beispiele, die zeigen, dass vielseitige Transformationen und neue Nutzungen des gebauten Erbes m\u00f6glich sind.<\/p>\n<p>Anhand von sechs Themenbereichen pr\u00e4sentiert\u00a0<em>Nichts Neues \u2013 Besser Bauen mit Bestand<\/em>\u00a0zeitgen\u00f6ssische internationale Beispiele kluger und kreativer Strategien im Umgang mit bestehender Architektur. Expert:innen geben Einblicke in vielf\u00e4ltige Aspekte, die das Bauen mit dem Bestand sowohl im urbanen als auch im l\u00e4ndlichen Kontext beeinflussen. Eine ausgew\u00e4hlte Bestandsaufnahme Frankfurter Bauwerke er\u00f6ffnet zudem Perspektiven und Fragestellungen unter Einbezug von Nutzer:innen und Bewohner:innen. Damit wird ein umfangreicher Pool an Nutzungen, Transformationen und Revitalisierungen pr\u00e4sentiert.<\/p>\n<p>mehr Infos zum DAM <a href=\"https:\/\/dam-online.de\/veranstaltung\/nichts-neues\/\" target=\"_blank\" rel=\"noopener\"><span style=\"color: #333399;\"><strong>hier<\/strong><\/span><\/a><\/p>\n","protected":false},"excerpt":{"rendered":"<p>ExRotaprint on\u00a0 &nbsp; Nichts Neues \u2013 Besser Bauen mit Bestand Ausstellungsbeteiligung im Deutschen Architekturmuseum Frankfurt 16. September 2022 bis 23. Januar 2023 Wir freuen uns, dass ExRotaprint als eines von 30 international ausgew\u00e4hlten Projekten Teil der Ausstellung &#8220;Nichts Neues \u2013 Besser Bauen mit Bestand\u201c im Deutschen Architekturmuseum Frankfurt sein wird. Es geht um Sanierung, Revitalisierung, [&hellip;]<\/p>\n","protected":false},"author":3,"featured_media":0,"parent":0,"menu_order":0,"comment_status":"closed","ping_status":"closed","template":"","meta":{"_acf_changed":false,"footnotes":""},"class_list":["post-1484","page","type-page","status-publish","hentry"],"translation":{"provider":"WPGlobus","version":"3.0.2","language":"en","enabled_languages":["de","en"],"languages":{"de":{"title":true,"content":true,"excerpt":false},"en":{"title":true,"content":false,"excerpt":false}}},"acf":[],"yoast_head":"<!-- This site is optimized with the Yoast SEO plugin v27.5 - https:\/\/yoast.com\/product\/yoast-seo-wordpress\/ -->\n<title>Upcoming Events - ExRotaprint<\/title>\n<meta name=\"robots\" content=\"index, follow, max-snippet:-1, max-image-preview:large, max-video-preview:-1\" \/>\n<link rel=\"canonical\" href=\"https:\/\/www.exrotaprint.de\/aktuelle-veranstaltungen\/\" \/>\n<meta property=\"og:locale\" content=\"en_US\" \/>\n<meta property=\"og:type\" content=\"article\" \/>\n<meta property=\"og:title\" content=\"Upcoming Events - ExRotaprint\" \/>\n<meta property=\"og:url\" content=\"https:\/\/www.exrotaprint.de\/aktuelle-veranstaltungen\/\" \/>\n<meta property=\"og:site_name\" content=\"ExRotaprint\" \/>\n<meta property=\"article:modified_time\" content=\"2026-04-30T09:11:50+00:00\" \/>\n<meta property=\"og:image\" content=\"https:\/\/www.exrotaprint.de\/wp-content\/uploads\/2018\/01\/FB-f-Logo__blue_29.png\" \/>\n\t<meta property=\"og:image:width\" content=\"29\" \/>\n\t<meta property=\"og:image:height\" content=\"29\" \/>\n\t<meta property=\"og:image:type\" content=\"image\/png\" \/>\n<meta name=\"twitter:card\" content=\"summary_large_image\" \/>\n<meta name=\"twitter:label1\" content=\"Est. reading time\" \/>\n\t<meta name=\"twitter:data1\" content=\"2 minutes\" \/>\n<script type=\"application\/ld+json\" class=\"yoast-schema-graph\">{\"@context\":\"https:\\\/\\\/schema.org\",\"@graph\":[{\"@type\":\"WebPage\",\"@id\":\"https:\\\/\\\/www.exrotaprint.de\\\/aktuelle-veranstaltungen\\\/\",\"url\":\"https:\\\/\\\/www.exrotaprint.de\\\/aktuelle-veranstaltungen\\\/\",\"name\":\"Upcoming Events - ExRotaprint\",\"isPartOf\":{\"@id\":\"https:\\\/\\\/www.exrotaprint.de\\\/#website\"},\"primaryImageOfPage\":{\"@id\":\"https:\\\/\\\/www.exrotaprint.de\\\/aktuelle-veranstaltungen\\\/#primaryimage\"},\"image\":{\"@id\":\"https:\\\/\\\/www.exrotaprint.de\\\/aktuelle-veranstaltungen\\\/#primaryimage\"},\"thumbnailUrl\":\"http:\\\/\\\/www.exrotaprint.de\\\/wp-content\\\/uploads\\\/2018\\\/01\\\/FB-f-Logo__blue_29.png\",\"datePublished\":\"2017-02-10T16:02:22+00:00\",\"dateModified\":\"2026-04-30T09:11:50+00:00\",\"description\":\"Aktuelle Veranstaltungen bei ExRotaprint oder unter Beteiligung von ExRotaprint findet ihr hier.\",\"breadcrumb\":{\"@id\":\"https:\\\/\\\/www.exrotaprint.de\\\/aktuelle-veranstaltungen\\\/#breadcrumb\"},\"inLanguage\":\"en-US\",\"potentialAction\":[{\"@type\":\"ReadAction\",\"target\":[\"https:\\\/\\\/www.exrotaprint.de\\\/aktuelle-veranstaltungen\\\/\"]}]},{\"@type\":\"ImageObject\",\"inLanguage\":\"en-US\",\"@id\":\"https:\\\/\\\/www.exrotaprint.de\\\/aktuelle-veranstaltungen\\\/#primaryimage\",\"url\":\"http:\\\/\\\/www.exrotaprint.de\\\/wp-content\\\/uploads\\\/2018\\\/01\\\/FB-f-Logo__blue_29.png\",\"contentUrl\":\"http:\\\/\\\/www.exrotaprint.de\\\/wp-content\\\/uploads\\\/2018\\\/01\\\/FB-f-Logo__blue_29.png\"},{\"@type\":\"BreadcrumbList\",\"@id\":\"https:\\\/\\\/www.exrotaprint.de\\\/aktuelle-veranstaltungen\\\/#breadcrumb\",\"itemListElement\":[{\"@type\":\"ListItem\",\"position\":1,\"name\":\"Startseite\",\"item\":\"https:\\\/\\\/www.exrotaprint.de\\\/\"},{\"@type\":\"ListItem\",\"position\":2,\"name\":\"Veranstaltungshinweise\"}]},{\"@type\":\"WebSite\",\"@id\":\"https:\\\/\\\/www.exrotaprint.de\\\/#website\",\"url\":\"https:\\\/\\\/www.exrotaprint.de\\\/\",\"name\":\"ExRotaprint\",\"description\":\"\",\"potentialAction\":[{\"@type\":\"SearchAction\",\"target\":{\"@type\":\"EntryPoint\",\"urlTemplate\":\"https:\\\/\\\/www.exrotaprint.de\\\/?s={search_term_string}\"},\"query-input\":{\"@type\":\"PropertyValueSpecification\",\"valueRequired\":true,\"valueName\":\"search_term_string\"}}],\"inLanguage\":\"en-US\"}]}<\/script>\n<!-- \/ Yoast SEO plugin. -->","yoast_head_json":{"title":"Upcoming Events - ExRotaprint","robots":{"index":"index","follow":"follow","max-snippet":"max-snippet:-1","max-image-preview":"max-image-preview:large","max-video-preview":"max-video-preview:-1"},"canonical":"https:\/\/www.exrotaprint.de\/aktuelle-veranstaltungen\/","og_locale":"en_US","og_type":"article","og_title":"Upcoming Events - ExRotaprint","og_url":"https:\/\/www.exrotaprint.de\/aktuelle-veranstaltungen\/","og_site_name":"ExRotaprint","article_modified_time":"2026-04-30T09:11:50+00:00","og_image":[{"width":29,"height":29,"url":"https:\/\/www.exrotaprint.de\/wp-content\/uploads\/2018\/01\/FB-f-Logo__blue_29.png","type":"image\/png"}],"twitter_card":"summary_large_image","twitter_misc":{"Est. reading time":"2 minutes"},"schema":{"@context":"https:\/\/schema.org","@graph":[{"@type":"WebPage","@id":"https:\/\/www.exrotaprint.de\/aktuelle-veranstaltungen\/","url":"https:\/\/www.exrotaprint.de\/aktuelle-veranstaltungen\/","name":"Upcoming Events - ExRotaprint","isPartOf":{"@id":"https:\/\/www.exrotaprint.de\/#website"},"primaryImageOfPage":{"@id":"https:\/\/www.exrotaprint.de\/aktuelle-veranstaltungen\/#primaryimage"},"image":{"@id":"https:\/\/www.exrotaprint.de\/aktuelle-veranstaltungen\/#primaryimage"},"thumbnailUrl":"http:\/\/www.exrotaprint.de\/wp-content\/uploads\/2018\/01\/FB-f-Logo__blue_29.png","datePublished":"2017-02-10T16:02:22+00:00","dateModified":"2026-04-30T09:11:50+00:00","description":"Aktuelle Veranstaltungen bei ExRotaprint oder unter Beteiligung von ExRotaprint findet ihr hier.","breadcrumb":{"@id":"https:\/\/www.exrotaprint.de\/aktuelle-veranstaltungen\/#breadcrumb"},"inLanguage":"en-US","potentialAction":[{"@type":"ReadAction","target":["https:\/\/www.exrotaprint.de\/aktuelle-veranstaltungen\/"]}]},{"@type":"ImageObject","inLanguage":"en-US","@id":"https:\/\/www.exrotaprint.de\/aktuelle-veranstaltungen\/#primaryimage","url":"http:\/\/www.exrotaprint.de\/wp-content\/uploads\/2018\/01\/FB-f-Logo__blue_29.png","contentUrl":"http:\/\/www.exrotaprint.de\/wp-content\/uploads\/2018\/01\/FB-f-Logo__blue_29.png"},{"@type":"BreadcrumbList","@id":"https:\/\/www.exrotaprint.de\/aktuelle-veranstaltungen\/#breadcrumb","itemListElement":[{"@type":"ListItem","position":1,"name":"Startseite","item":"https:\/\/www.exrotaprint.de\/"},{"@type":"ListItem","position":2,"name":"Veranstaltungshinweise"}]},{"@type":"WebSite","@id":"https:\/\/www.exrotaprint.de\/#website","url":"https:\/\/www.exrotaprint.de\/","name":"ExRotaprint","description":"","potentialAction":[{"@type":"SearchAction","target":{"@type":"EntryPoint","urlTemplate":"https:\/\/www.exrotaprint.de\/?s={search_term_string}"},"query-input":{"@type":"PropertyValueSpecification","valueRequired":true,"valueName":"search_term_string"}}],"inLanguage":"en-US"}]}},"_links":{"self":[{"href":"https:\/\/www.exrotaprint.de\/en\/wp-json\/wp\/v2\/pages\/1484","targetHints":{"allow":["GET"]}}],"collection":[{"href":"https:\/\/www.exrotaprint.de\/en\/wp-json\/wp\/v2\/pages"}],"about":[{"href":"https:\/\/www.exrotaprint.de\/en\/wp-json\/wp\/v2\/types\/page"}],"author":[{"embeddable":true,"href":"https:\/\/www.exrotaprint.de\/en\/wp-json\/wp\/v2\/users\/3"}],"replies":[{"embeddable":true,"href":"https:\/\/www.exrotaprint.de\/en\/wp-json\/wp\/v2\/comments?post=1484"}],"version-history":[{"count":253,"href":"https:\/\/www.exrotaprint.de\/en\/wp-json\/wp\/v2\/pages\/1484\/revisions"}],"predecessor-version":[{"id":4177,"href":"https:\/\/www.exrotaprint.de\/en\/wp-json\/wp\/v2\/pages\/1484\/revisions\/4177"}],"wp:attachment":[{"href":"https:\/\/www.exrotaprint.de\/en\/wp-json\/wp\/v2\/media?parent=1484"}],"curies":[{"name":"wp","href":"https:\/\/api.w.org\/{rel}","templated":true}]}}