{"id":138,"date":"2016-11-30T11:32:24","date_gmt":"2016-11-30T10:32:24","guid":{"rendered":"http:\/\/www.exrotaprint.de\/neu\/?page_id=138"},"modified":"2022-11-18T00:03:11","modified_gmt":"2022-11-17T23:03:11","slug":"rotaprint","status":"publish","type":"page","link":"https:\/\/www.exrotaprint.de\/en\/rotaprint\/","title":{"rendered":"Rotaprint 1904-89"},"content":{"rendered":"<p><strong>Die Firma Rotapint war ein deutscher Druckmaschinenhersteller und gilt als Pionier des Kleinoffsetdrucks. Lange Zeit war Rotaprint Synonym f\u00fcr die Vervielf\u00e4ltigung in kleinen Auflagen.<\/strong><strong> 1904 unter dem Namen &#8220;Deutsche Maschinen Vertriebsgesellschaft&#8221; gegr\u00fcndet, produzierte das Unternehmen ab 1916 in der Reinickendorfer Stra\u00dfe 46 und pr\u00e4gte als wichtiger Arbeitgeber im &#8220;Roten Wedding&#8221; in den folgenden Jahrzehnten den Block zwischen Gottsched- und Wiesenstra\u00dfe nachhaltig. 1925 in Rotaprint umbenannt, wuchs die Firma kontinuierlich und exportierte Druckmaschinen weltweit. Die Rotaprint-Maschinen waren unersetzliche Arbeitsmittel f\u00fcr Beh\u00f6rden und Firmen, aber auch f\u00fcr die linke Gegen\u00f6ffentlichkeit der 1960er Jahre. Ende der 1970er Jahre beginnen neue elektronische Entwicklungen den Kleinoffsetdruck zu verdr\u00e4ngen. Rotaprint ger\u00e4t in Schwierigkeiten, verschiedene Rettungsversuche k\u00f6nnen den Konkurs der Firma 1989 nicht verhindern. <\/strong><\/p>\n<p>Bereits ab 1906 produzierte die Firma die Kopiermaschine \u201eViktoria\u201c, eine Kurbelmaschine f\u00fcr 10-12 Kopien. 1912 kam die \u201eViktoria Record\u201c auf den Markt, 1918 die \u201eViktoria 18\u201c. Vervielf\u00e4ltigung war in den Jahren nach dem Ersten Weltkrieg eine nachgefragte Technik. 1922 wurde die erste Rotaprint Offsetdruck- und Vervielf\u00e4ltigungsmaschine produziert, ein Vervielf\u00e4ltigungsapparat mit Handbetrieb, der das noch wenig bekannte Offsetdruck-Verfahren auf das Kleinformat \u00fcbersetzte. 1923 gab es diese Maschine mit elektrischem Motor: Rotaprint hatte die erste Kleinoffsetdruckmaschine erfunden. 1926 wurde die Deutsche Maschinen Vertriebsgesellschaft in Rotaprint GmbH umbenannt, 1929 in Rotaprint AG. In diesen Jahren entwickelte Rotaprint die Technik weiter: den Rotaprint-Rollendrucker DIN A4 mit Anlegevorrichtung, mit Schneidevorrichtung, mit Perforier-Einrichtung, dann die Rotaprint R 30 als Stapeldrucker DIN A3. \u00dcber 300 Besch\u00e4ftigte arbeiteten in der Fabrik an der Fertigung von Kleinoffsetdruckmaschinen.<\/p>\n<p>W\u00e4hrend des Zweiten Weltkriegs stellte der Betrieb auf R\u00fcstungsfertigung um. Rotaprint-Maschinen waren \u201ekriegswichtig\u201c. Die Firma besch\u00e4ftigte Zwangsarbeiter. Nach den Luftangriffen von 1945 waren 80 Prozent der Produktionsst\u00e4tten zerst\u00f6rt.<\/p>\n<p>Im Jahr 1951 sind die Flachbauten an der Gottschedstra\u00dfe anstelle der zerst\u00f6rten Vorderh\u00e4user errichtet worden um der wachsenden Produktion gerecht zu werden. Im selben Jahr ging der Rotaprint-Express, ein Vorf\u00fchrwagen mit fahrender Ausstellung, auf Deutschlandtour und bewarb die neue Technik. Rotaprint hatte jetzt wieder an die 500 Mitarbeiter. Die R 20 wurde f\u00fcr das DIN A2-Format, die R 40 mit Sauganleger f\u00fcr den Prospektdruck entwickelt. Ab 1953 sind weitere Grundst\u00fccke im Blockinneren hinzugekauft worden um Produktionshallen zu bauen. Im Jahr 1954 feierte die Rotaprint AG ihr 50-j\u00e4hriges Jubil\u00e4um. In der zweiten H\u00e4lfte der 1950er Jahre hatte Rotaprint bis zu 1000 Besch\u00e4ftigte, 60 Prozent der Produktion gingen in den Export.<\/p>\n<p>In diesen Jahren ging Rotaprint daran, dem gesamten Standort durch gestalterisch anspruchsvolle Neubauten eine moderne Identit\u00e4t zu geben. Der gr\u00f6\u00dfte Teil dieser Bauten wurde von dem Architekten Klaus Kirsten entworfen. <a href=\"http:\/\/www.exrotaprint.de\/baudenkmal\/\"><span style=\"color: #333399;\">(Mehr zu der Architektur hier)<\/span><\/a><\/p>\n<p>In den 1950er und 1960er Jahren erlebt die Firma Rotaprint einen Aufschwung, der beispielhaft f\u00fcr das Wirtschaftswunder in Deutschland nach dem Zweiten Weltkrieg war. 1968 erhielt Direktor Paul Glatz eine Auszeichnung f\u00fcr internationale wirtschaftliche Zusammenarbeit, der Export war ein wichtiges Bet\u00e4tigungsfeld des Unternehmens. In den 1970er Jahren begannen die Probleme von Rotaprint. Das Aufkommen der Fotokopierer und sp\u00e4ter der Personal Printer ersetzte die Kleinoffsetdruckmaschine und verdr\u00e4ngte die Technik aus dem Markt, Mitte der 1980er Jahre war der Betrieb verschuldet. Das Land Berlin erwarb das rund 36.000 m\u00b2 Gel\u00e4nde der Firma Rotaprint zum Verkehrswert in der Hoffnung, den Weddinger Betrieb mit seinen Arbeitspl\u00e4tzen f\u00fcr den Bezirk erhalten zu k\u00f6nnen. 200 Wohnungen des ehemaligen Firmengel\u00e4ndes wurden in das Treuhandverm\u00f6gen der GESOBAU \u00fcbertragen. 1988 erwarb ein amerikanischer Investor als letzte Hoffnung die Rotaprint AG. Der Architekt Richard Rogers sollte einen Neubau gegen\u00fcber des AEG-Gel\u00e4ndes in der Hussitenstra\u00dfe entwerfen, dazu kam es nicht mehr. 1989 ging die damals \u00e4lteste Kleinoffset-Druckmaschinenfabrik der Welt in Konkurs. Der Betrieb war mit \u00fcber 30 Mio. DM \u2013 auch bei der Stadt Berlin \u2013 verschuldet, im Oktober 1989 fand die Versteigerung des Firmeninventars statt. Neben Schering, Osram und AEG war Rotaprint viele Jahrzehnte lang einer der wichtigen Arbeitgeber im Wedding gewesen. Das Gel\u00e4nde ging aufgrund der Schulden in Landesbesitz \u00fcber, der Bezirk Wedding \u00fcbernahm die Verwaltung.<\/p>\n<p>&nbsp;<\/p>\n<h3><strong>&#8230; und danach: 1989 bis 2004<\/strong><\/h3>\n<p>Mit dem Konkurs wurde auch die Zukunft der Geb\u00e4ude fraglich. Es ist Landeskonservator Prof. Engel zu verdanken, dass das Ensemble an der Gottschedstr. 4 \/ Bornemannstr. 9\/10 und das getrennt gelegene Haus Wiesenstr. 29 unter der Bezeichnung &#8220;Rotaprint-Fabrik&#8221; gegen den Willen des Bezirks 1991 unter strengen Denkmalschutz gestellt wurde. Die Produktionshallen im Blockinneren zwischen Ufer- und Reinickendorfer Stra\u00dfe sind von der Unterschutzstellung ausgenommen und bereits 1992 abgerissen worden. Nach dem Abriss ist 1993-94 eine umfangreiche Sanierung des Bodens und der Grundwasserleiter notwendig, die Kosten von \u00fcber 6,5 Mio. DM trug der Berliner Senat. Aus einem 1993 durchgef\u00fchrten st\u00e4dtebaulichen Realisierungswettbewerb f\u00fcr den Rotaprint-Block ging ein Bebauungsplan f\u00fcr das Gel\u00e4nde zwischen Reinickendorfer-, Wiesen- und Uferstra\u00dfe hervor. Auf dem Brachgel\u00e4nde sollte Wohnungsneubau realisiert werden, dazu kam es erst im Jahr 2016. Der gr\u00f6\u00dfere Bereich des Gel\u00e4ndes blieb 24 Jahre lang unbebaut, auf einer Teilfl\u00e4che entstand 2006 ein Lidl Markt.<\/p>\n<p>In den Geb\u00e4uden an der Gottschedstr. 4 \/ Bornemannstr. 9\/10 und dem Haus Wiesenstr. 29 zogen in den 1990er Jahren kleine Unternehmen, K\u00fcnstler und soziale Einrichtungen ein. Das Bezirksamt Wedding vermietete die leerstehenden Fl\u00e4chen an Zwischennutzer. 2002 wurden die Grundst\u00fccke in das Verm\u00f6gen der Liegenschaftsfonds GmbH, einer Treuh\u00e4nderin des Landes Berlin, mit dem Ziel des Verkaufs zum H\u00f6chstpreis \u00fcbertragen. Das Haus Wiesenstr. 29 ging als separates Grundst\u00fcck ebenfalls in das Verm\u00f6gen des Liegenschaftsfonds. Zur besseren Vermarktung teilte der Liegenschaftsfonds 2004 die Liegenschaft weiter auf \u2013 in die s\u00fcdliche Brachfl\u00e4che, die sich nach der Bodensanierung in ein kleines W\u00e4ldchen verwandelt hatte, und dem denkmalgesch\u00fctzten Ensemble Gottschedstr. 4 \/ Bornemannstr. 9\/10. Noch im selben Jahr erwarb der Discounter Lidl den Gro\u00dfteil der Brachfl\u00e4che zwischen Wiesen- und Reinickendorfer Stra\u00dfe. 2006 entstand hier der Neubau eines Lidl-Marktes, der direkt an das Baudenkmal angebaut wurde und das architekturhistorisch bedeutende Tischlerei- und Lehrwerkst\u00e4ttengeb\u00e4ude von 1958 in die zweite Reihe verwies. Der Verkauf durch den Liegenschaftsfonds und der Lidl Neubau waren der Ausl\u00f6ser f\u00fcr die Gr\u00fcndung der Mieteriniative ExRotaprint.<\/p>\n<p><a href=\"http:\/\/www.exrotaprint.de\/die-uebernahme\/\"><span style=\"color: #333399;\">\u00a0 &#8230;&#8230;lesen Sie hier die Geschichte der \u00dcbernahme 2004-2007<\/span><\/a><\/p>\n<p>&nbsp;<\/p>\n","protected":false},"excerpt":{"rendered":"<p>Die Firma Rotapint war ein deutscher Druckmaschinenhersteller und gilt als Pionier des Kleinoffsetdrucks. Lange Zeit war Rotaprint Synonym f\u00fcr die Vervielf\u00e4ltigung in kleinen Auflagen. 1904 unter dem Namen &#8220;Deutsche Maschinen Vertriebsgesellschaft&#8221; gegr\u00fcndet, produzierte das Unternehmen ab 1916 in der Reinickendorfer Stra\u00dfe 46 und pr\u00e4gte als wichtiger Arbeitgeber im &#8220;Roten Wedding&#8221; in den folgenden Jahrzehnten den [&hellip;]<\/p>\n","protected":false},"author":3,"featured_media":0,"parent":0,"menu_order":0,"comment_status":"closed","ping_status":"closed","template":"","meta":{"_acf_changed":false,"footnotes":""},"class_list":["post-138","page","type-page","status-publish","hentry"],"translation":{"provider":"WPGlobus","version":"3.0.2","language":"en","enabled_languages":["de","en"],"languages":{"de":{"title":true,"content":true,"excerpt":false},"en":{"title":true,"content":false,"excerpt":false}}},"acf":[],"yoast_head":"<!-- This site is optimized with the Yoast SEO plugin v27.4 - https:\/\/yoast.com\/product\/yoast-seo-wordpress\/ -->\n<title>Rotaprint 1904-89 - ExRotaprint<\/title>\n<meta name=\"robots\" content=\"index, follow, max-snippet:-1, max-image-preview:large, max-video-preview:-1\" \/>\n<link rel=\"canonical\" href=\"https:\/\/www.exrotaprint.de\/rotaprint\/\" \/>\n<meta property=\"og:locale\" content=\"en_US\" \/>\n<meta property=\"og:type\" content=\"article\" \/>\n<meta property=\"og:title\" content=\"Rotaprint 1904-89 - ExRotaprint\" \/>\n<meta property=\"og:url\" content=\"https:\/\/www.exrotaprint.de\/rotaprint\/\" \/>\n<meta property=\"og:site_name\" content=\"ExRotaprint\" \/>\n<meta property=\"article:modified_time\" content=\"2022-11-17T23:03:11+00:00\" \/>\n<meta name=\"twitter:card\" content=\"summary_large_image\" \/>\n<script type=\"application\/ld+json\" class=\"yoast-schema-graph\">{\"@context\":\"https:\\\/\\\/schema.org\",\"@graph\":[{\"@type\":\"WebPage\",\"@id\":\"https:\\\/\\\/www.exrotaprint.de\\\/rotaprint\\\/\",\"url\":\"https:\\\/\\\/www.exrotaprint.de\\\/rotaprint\\\/\",\"name\":\"Rotaprint 1904-89 - ExRotaprint\",\"isPartOf\":{\"@id\":\"https:\\\/\\\/www.exrotaprint.de\\\/#website\"},\"datePublished\":\"2016-11-30T10:32:24+00:00\",\"dateModified\":\"2022-11-17T23:03:11+00:00\",\"breadcrumb\":{\"@id\":\"https:\\\/\\\/www.exrotaprint.de\\\/rotaprint\\\/#breadcrumb\"},\"inLanguage\":\"en-US\",\"potentialAction\":[{\"@type\":\"ReadAction\",\"target\":[\"https:\\\/\\\/www.exrotaprint.de\\\/rotaprint\\\/\"]}]},{\"@type\":\"BreadcrumbList\",\"@id\":\"https:\\\/\\\/www.exrotaprint.de\\\/rotaprint\\\/#breadcrumb\",\"itemListElement\":[{\"@type\":\"ListItem\",\"position\":1,\"name\":\"Startseite\",\"item\":\"https:\\\/\\\/www.exrotaprint.de\\\/\"},{\"@type\":\"ListItem\",\"position\":2,\"name\":\"Rotaprint 1904-89\"}]},{\"@type\":\"WebSite\",\"@id\":\"https:\\\/\\\/www.exrotaprint.de\\\/#website\",\"url\":\"https:\\\/\\\/www.exrotaprint.de\\\/\",\"name\":\"ExRotaprint\",\"description\":\"\",\"potentialAction\":[{\"@type\":\"SearchAction\",\"target\":{\"@type\":\"EntryPoint\",\"urlTemplate\":\"https:\\\/\\\/www.exrotaprint.de\\\/?s={search_term_string}\"},\"query-input\":{\"@type\":\"PropertyValueSpecification\",\"valueRequired\":true,\"valueName\":\"search_term_string\"}}],\"inLanguage\":\"en-US\"}]}<\/script>\n<!-- \/ Yoast SEO plugin. -->","yoast_head_json":{"title":"Rotaprint 1904-89 - ExRotaprint","robots":{"index":"index","follow":"follow","max-snippet":"max-snippet:-1","max-image-preview":"max-image-preview:large","max-video-preview":"max-video-preview:-1"},"canonical":"https:\/\/www.exrotaprint.de\/rotaprint\/","og_locale":"en_US","og_type":"article","og_title":"Rotaprint 1904-89 - ExRotaprint","og_url":"https:\/\/www.exrotaprint.de\/rotaprint\/","og_site_name":"ExRotaprint","article_modified_time":"2022-11-17T23:03:11+00:00","twitter_card":"summary_large_image","schema":{"@context":"https:\/\/schema.org","@graph":[{"@type":"WebPage","@id":"https:\/\/www.exrotaprint.de\/rotaprint\/","url":"https:\/\/www.exrotaprint.de\/rotaprint\/","name":"Rotaprint 1904-89 - ExRotaprint","isPartOf":{"@id":"https:\/\/www.exrotaprint.de\/#website"},"datePublished":"2016-11-30T10:32:24+00:00","dateModified":"2022-11-17T23:03:11+00:00","breadcrumb":{"@id":"https:\/\/www.exrotaprint.de\/rotaprint\/#breadcrumb"},"inLanguage":"en-US","potentialAction":[{"@type":"ReadAction","target":["https:\/\/www.exrotaprint.de\/rotaprint\/"]}]},{"@type":"BreadcrumbList","@id":"https:\/\/www.exrotaprint.de\/rotaprint\/#breadcrumb","itemListElement":[{"@type":"ListItem","position":1,"name":"Startseite","item":"https:\/\/www.exrotaprint.de\/"},{"@type":"ListItem","position":2,"name":"Rotaprint 1904-89"}]},{"@type":"WebSite","@id":"https:\/\/www.exrotaprint.de\/#website","url":"https:\/\/www.exrotaprint.de\/","name":"ExRotaprint","description":"","potentialAction":[{"@type":"SearchAction","target":{"@type":"EntryPoint","urlTemplate":"https:\/\/www.exrotaprint.de\/?s={search_term_string}"},"query-input":{"@type":"PropertyValueSpecification","valueRequired":true,"valueName":"search_term_string"}}],"inLanguage":"en-US"}]}},"_links":{"self":[{"href":"https:\/\/www.exrotaprint.de\/en\/wp-json\/wp\/v2\/pages\/138","targetHints":{"allow":["GET"]}}],"collection":[{"href":"https:\/\/www.exrotaprint.de\/en\/wp-json\/wp\/v2\/pages"}],"about":[{"href":"https:\/\/www.exrotaprint.de\/en\/wp-json\/wp\/v2\/types\/page"}],"author":[{"embeddable":true,"href":"https:\/\/www.exrotaprint.de\/en\/wp-json\/wp\/v2\/users\/3"}],"replies":[{"embeddable":true,"href":"https:\/\/www.exrotaprint.de\/en\/wp-json\/wp\/v2\/comments?post=138"}],"version-history":[{"count":22,"href":"https:\/\/www.exrotaprint.de\/en\/wp-json\/wp\/v2\/pages\/138\/revisions"}],"predecessor-version":[{"id":3229,"href":"https:\/\/www.exrotaprint.de\/en\/wp-json\/wp\/v2\/pages\/138\/revisions\/3229"}],"wp:attachment":[{"href":"https:\/\/www.exrotaprint.de\/en\/wp-json\/wp\/v2\/media?parent=138"}],"curies":[{"name":"wp","href":"https:\/\/api.w.org\/{rel}","templated":true}]}}